{"id":331,"date":"2023-07-03T13:31:20","date_gmt":"2023-07-03T11:31:20","guid":{"rendered":"https:\/\/cebus-celle.de\/?page_id=331"},"modified":"2025-09-24T16:37:04","modified_gmt":"2025-09-24T14:37:04","slug":"timetable-information-2","status":"publish","type":"page","link":"https:\/\/cebus-celle.de\/en\/fahrplaene\/fahrplanauskunft\/","title":{"rendered":"Timetable information"},"content":{"rendered":"<div data-elementor-type=\"wp-page\" data-elementor-id=\"331\" class=\"elementor elementor-331\" data-elementor-post-type=\"page\">\n\t\t\t\t\t\t<section class=\"elementor-section elementor-top-section elementor-element elementor-element-cb02048 margin-left-0 elementor-section-boxed elementor-section-height-default elementor-section-height-default wpr-particle-no wpr-jarallax-no wpr-parallax-no wpr-sticky-section-no wpr-equal-height-no\" data-id=\"cb02048\" data-element_type=\"section\" data-e-type=\"section\">\n\t\t\t\t\t\t<div class=\"elementor-container elementor-column-gap-default\">\n\t\t\t\t\t<div class=\"elementor-column elementor-col-100 elementor-top-column elementor-element elementor-element-4f2a6ff\" data-id=\"4f2a6ff\" data-element_type=\"column\" data-e-type=\"column\">\n\t\t\t<div class=\"elementor-widget-wrap elementor-element-populated\">\n\t\t\t\t\t\t<div class=\"elementor-element elementor-element-f3efeca elementor-widget elementor-widget-heading\" data-id=\"f3efeca\" data-element_type=\"widget\" data-e-type=\"widget\" data-widget_type=\"heading.default\">\n\t\t\t\t<div class=\"elementor-widget-container\">\n\t\t\t\t\t<h2 class=\"elementor-heading-title elementor-size-default\">TIMETABLE INFORMATION<\/h2>\t\t\t\t<\/div>\n\t\t\t\t<\/div>\n\t\t\t\t<div class=\"elementor-element elementor-element-505495c elementor-widget elementor-widget-text-editor\" data-id=\"505495c\" data-element_type=\"widget\" data-e-type=\"widget\" data-widget_type=\"text-editor.default\">\n\t\t\t\t<div class=\"elementor-widget-container\">\n\t\t\t\t\t\t\t\t\t<p><strong>Well informed:<\/strong> Get your information the way you like it<\/p>\t\t\t\t\t\t\t\t<\/div>\n\t\t\t\t<\/div>\n\t\t\t\t\t<\/div>\n\t\t<\/div>\n\t\t\t\t\t<\/div>\n\t\t<\/section>\n\t\t\t\t<section class=\"elementor-section elementor-top-section elementor-element elementor-element-b8150d0 elementor-section-boxed elementor-section-height-default elementor-section-height-default wpr-particle-no wpr-jarallax-no wpr-parallax-no wpr-sticky-section-no wpr-equal-height-no\" data-id=\"b8150d0\" data-element_type=\"section\" data-e-type=\"section\">\n\t\t\t\t\t\t<div class=\"elementor-container elementor-column-gap-default\">\n\t\t\t\t\t<div class=\"elementor-column elementor-col-100 elementor-top-column elementor-element elementor-element-edd228c\" data-id=\"edd228c\" data-element_type=\"column\" data-e-type=\"column\">\n\t\t\t<div class=\"elementor-widget-wrap elementor-element-populated\">\n\t\t\t\t\t\t<div class=\"elementor-element elementor-element-adca035 elementor-widget elementor-widget-spacer\" data-id=\"adca035\" data-element_type=\"widget\" data-e-type=\"widget\" data-widget_type=\"spacer.default\">\n\t\t\t\t<div class=\"elementor-widget-container\">\n\t\t\t\t\t\t\t<div class=\"elementor-spacer\">\n\t\t\t<div class=\"elementor-spacer-inner\"><\/div>\n\t\t<\/div>\n\t\t\t\t\t\t<\/div>\n\t\t\t\t<\/div>\n\t\t\t\t\t<\/div>\n\t\t<\/div>\n\t\t\t\t\t<\/div>\n\t\t<\/section>\n\t\t\t\t<section class=\"elementor-section elementor-top-section elementor-element elementor-element-550bda9 elementor-section-boxed elementor-section-height-default elementor-section-height-default wpr-particle-no wpr-jarallax-no wpr-parallax-no wpr-sticky-section-no wpr-equal-height-no\" data-id=\"550bda9\" data-element_type=\"section\" data-e-type=\"section\">\n\t\t\t\t\t\t<div class=\"elementor-container elementor-column-gap-default\">\n\t\t\t\t\t<div class=\"elementor-column elementor-col-100 elementor-top-column elementor-element elementor-element-b932972\" data-id=\"b932972\" data-element_type=\"column\" data-e-type=\"column\">\n\t\t\t<div class=\"elementor-widget-wrap elementor-element-populated\">\n\t\t\t\t\t\t<div class=\"elementor-element elementor-element-748dbd7 elementor-view-framed elementor-shape-circle elementor-position-block-start elementor-mobile-position-block-start elementor-widget elementor-widget-icon-box\" data-id=\"748dbd7\" data-element_type=\"widget\" data-e-type=\"widget\" data-widget_type=\"icon-box.default\">\n\t\t\t\t<div class=\"elementor-widget-container\">\n\t\t\t\t\t\t\t<div class=\"elementor-icon-box-wrapper\">\n\n\t\t\t\t\t\t<div class=\"elementor-icon-box-icon\">\n\t\t\t\t<a href=\"https:\/\/www.vnn.de\/fahrplaner?language=de_DE&#038;P=TP&#038;start=yes&#038;widget=1.0.0&#038;\" target=\"_blank\" class=\"elementor-icon\" tabindex=\"-1\" aria-label=\"Online timetable information\">\n\t\t\t\t<i aria-hidden=\"true\" class=\"far fa-globe\"><\/i>\t\t\t\t<\/a>\n\t\t\t<\/div>\n\t\t\t\n\t\t\t\t\t\t<div class=\"elementor-icon-box-content\">\n\n\t\t\t\t\t\t\t\t\t<h3 class=\"elementor-icon-box-title\">\n\t\t\t\t\t\t<a href=\"https:\/\/www.vnn.de\/fahrplaner?language=de_DE&#038;P=TP&#038;start=yes&#038;widget=1.0.0&#038;\" target=\"_blank\" >\n\t\t\t\t\t\t\tOnline timetable information\t\t\t\t\t\t<\/a>\n\t\t\t\t\t<\/h3>\n\t\t\t\t\n\t\t\t\t\t\t\t\t\t<p class=\"elementor-icon-box-description\">\n\t\t\t\t\t\tFind the quickest way to your destination with the electronic journey planner.\t\t\t\t\t<\/p>\n\t\t\t\t\n\t\t\t<\/div>\n\t\t\t\n\t\t<\/div>\n\t\t\t\t\t\t<\/div>\n\t\t\t\t<\/div>\n\t\t\t\t<div class=\"elementor-element elementor-element-865cf5f elementor-view-framed elementor-shape-circle elementor-position-block-start elementor-mobile-position-block-start elementor-widget elementor-widget-icon-box\" data-id=\"865cf5f\" data-element_type=\"widget\" data-e-type=\"widget\" data-widget_type=\"icon-box.default\">\n\t\t\t\t<div class=\"elementor-widget-container\">\n\t\t\t\t\t\t\t<div class=\"elementor-icon-box-wrapper\">\n\n\t\t\t\t\t\t<div class=\"elementor-icon-box-icon\">\n\t\t\t\t<a href=\"tel:051412788864\" target=\"_blank\" class=\"elementor-icon\" tabindex=\"-1\" aria-label=\"Over the phone\">\n\t\t\t\t<i aria-hidden=\"true\" class=\"fas fa-phone-alt\"><\/i>\t\t\t\t<\/a>\n\t\t\t<\/div>\n\t\t\t\n\t\t\t\t\t\t<div class=\"elementor-icon-box-content\">\n\n\t\t\t\t\t\t\t\t\t<h3 class=\"elementor-icon-box-title\">\n\t\t\t\t\t\t<a href=\"tel:051412788864\" target=\"_blank\" >\n\t\t\t\t\t\t\tOver the phone\t\t\t\t\t\t<\/a>\n\t\t\t\t\t<\/h3>\n\t\t\t\t\n\t\t\t\t\t\t\t\t\t<p class=\"elementor-icon-box-description\">\n\t\t\t\t\t\tNat\u00fcrlich kannst du uns auch anrufen. Unsere Fahrplanauskunft ist t\u00e4glich 24 Stunden - also rund um die Uhr -  unter der Nummer 05141 2788864 erreichbar.\t\t\t\t\t<\/p>\n\t\t\t\t\n\t\t\t<\/div>\n\t\t\t\n\t\t<\/div>\n\t\t\t\t\t\t<\/div>\n\t\t\t\t<\/div>\n\t\t\t\t<div class=\"elementor-element elementor-element-cbdbda0 elementor-view-framed elementor-position-inline-start elementor-shape-circle elementor-mobile-position-block-start elementor-widget elementor-widget-icon-box\" data-id=\"cbdbda0\" data-element_type=\"widget\" data-e-type=\"widget\" data-widget_type=\"icon-box.default\">\n\t\t\t\t<div class=\"elementor-widget-container\">\n\t\t\t\t\t\t\t<div class=\"elementor-icon-box-wrapper\">\n\n\t\t\t\t\t\t<div class=\"elementor-icon-box-icon\">\n\t\t\t\t<a href=\"https:\/\/cebus-celle.de\/en\/tickets-tariffs-2\/advance-booking-offices-2\/\" target=\"_blank\" class=\"elementor-icon\" tabindex=\"-1\" aria-label=\"In your neighbourhood\">\n\t\t\t\t<i aria-hidden=\"true\" class=\"far fa-map-marker-alt\"><\/i>\t\t\t\t<\/a>\n\t\t\t<\/div>\n\t\t\t\n\t\t\t\t\t\t<div class=\"elementor-icon-box-content\">\n\n\t\t\t\t\t\t\t\t\t<h3 class=\"elementor-icon-box-title\">\n\t\t\t\t\t\t<a href=\"https:\/\/cebus-celle.de\/en\/tickets-tariffs-2\/advance-booking-offices-2\/\" target=\"_blank\" >\n\t\t\t\t\t\t\tIn your neighbourhood\t\t\t\t\t\t<\/a>\n\t\t\t\t\t<\/h3>\n\t\t\t\t\n\t\t\t\t\t\t\t\t\t<p class=\"elementor-icon-box-description\">\n\t\t\t\t\t\tIn addition to our tickets, you can also get information about bus transport at the advance booking offices\t\t\t\t\t<\/p>\n\t\t\t\t\n\t\t\t<\/div>\n\t\t\t\n\t\t<\/div>\n\t\t\t\t\t\t<\/div>\n\t\t\t\t<\/div>\n\t\t\t\t\t<\/div>\n\t\t<\/div>\n\t\t\t\t\t<\/div>\n\t\t<\/section>\n\t\t\t\t<section class=\"elementor-section elementor-top-section elementor-element elementor-element-21b3405 elementor-section-boxed elementor-section-height-default elementor-section-height-default wpr-particle-no wpr-jarallax-no wpr-parallax-no wpr-sticky-section-no wpr-equal-height-no\" data-id=\"21b3405\" data-element_type=\"section\" data-e-type=\"section\">\n\t\t\t\t\t\t<div class=\"elementor-container elementor-column-gap-default\">\n\t\t\t\t\t<div class=\"elementor-column elementor-col-100 elementor-top-column elementor-element elementor-element-b19b59c\" data-id=\"b19b59c\" data-element_type=\"column\" data-e-type=\"column\">\n\t\t\t<div class=\"elementor-widget-wrap elementor-element-populated\">\n\t\t\t\t\t\t<div class=\"elementor-element elementor-element-b9fd829 elementor-widget elementor-widget-spacer\" data-id=\"b9fd829\" data-element_type=\"widget\" data-e-type=\"widget\" data-widget_type=\"spacer.default\">\n\t\t\t\t<div class=\"elementor-widget-container\">\n\t\t\t\t\t\t\t<div class=\"elementor-spacer\">\n\t\t\t<div class=\"elementor-spacer-inner\"><\/div>\n\t\t<\/div>\n\t\t\t\t\t\t<\/div>\n\t\t\t\t<\/div>\n\t\t\t\t\t<\/div>\n\t\t<\/div>\n\t\t\t\t\t<\/div>\n\t\t<\/section>\n\t\t\t\t<\/div>","protected":false},"excerpt":{"rendered":"<p>FAHRPLANAUSKUNFT Gut informiert: Hol dir deine Ausk\u00fcnfte wie es dir gef\u00e4llt Online-Fahrplanauskunft Finde den schnellsten Weg zu deinem Ziel mit der elektronischen Fahrplanauskunft. \u00dcber&#8217;s Telefon Nat\u00fcrlich kannst du uns auch anrufen. Unsere Fahrplanauskunft ist t\u00e4glich 24 Stunden &#8211; also rund um die Uhr &#8211; unter der Nummer 05141 2788864 erreichbar. In deiner N\u00e4he Neben unseren Tickets kannst du in den Vorverkaufsstellen auch Infos zum Busverkehr erhalten<\/p>","protected":false},"author":4,"featured_media":339,"parent":361,"menu_order":30,"comment_status":"closed","ping_status":"closed","template":"","meta":{"footnotes":""},"class_list":["post-331","page","type-page","status-publish","has-post-thumbnail","hentry"],"yoast_head":"<!-- This site is optimized with the Yoast SEO plugin v27.4 - https:\/\/yoast.com\/product\/yoast-seo-wordpress\/ -->\n<title>Fahrplanauskunft - Cebus Celle<\/title>\n<meta name=\"robots\" content=\"index, follow, max-snippet:-1, max-image-preview:large, max-video-preview:-1\" \/>\n<link rel=\"canonical\" href=\"https:\/\/cebus-celle.de\/en\/driving-plans-2\/timetable-information-2\/\" \/>\n<meta property=\"og:locale\" content=\"en_GB\" \/>\n<meta property=\"og:type\" content=\"article\" \/>\n<meta property=\"og:title\" content=\"Fahrplanauskunft - Cebus Celle\" \/>\n<meta property=\"og:description\" content=\"FAHRPLANAUSKUNFT Gut informiert: Hol dir deine Ausk\u00fcnfte wie es dir gef\u00e4llt Online-Fahrplanauskunft Finde den schnellsten Weg zu deinem Ziel mit der elektronischen Fahrplanauskunft. \u00dcber&#8217;s Telefon Nat\u00fcrlich kannst du uns auch anrufen. Unsere Fahrplanauskunft ist t\u00e4glich 24 Stunden &#8211; also rund um die Uhr &#8211; unter der Nummer 05141 2788864 erreichbar. In deiner N\u00e4he Neben unseren Tickets kannst du in den Vorverkaufsstellen auch Infos zum Busverkehr erhalten\" \/>\n<meta property=\"og:url\" content=\"https:\/\/cebus-celle.de\/en\/driving-plans-2\/timetable-information-2\/\" \/>\n<meta property=\"og:site_name\" content=\"Cebus Celle\" \/>\n<meta property=\"article:modified_time\" content=\"2025-09-24T14:37:04+00:00\" \/>\n<meta property=\"og:image\" content=\"https:\/\/cebus-celle.de\/wp-content\/uploads\/iveco_neufahrzeuge_aufstellung_2023-1.jpg\" \/>\n\t<meta property=\"og:image:width\" content=\"2560\" \/>\n\t<meta property=\"og:image:height\" content=\"1375\" \/>\n\t<meta property=\"og:image:type\" content=\"image\/jpeg\" \/>\n<meta name=\"twitter:card\" content=\"summary_large_image\" \/>\n<meta name=\"twitter:label1\" content=\"Estimated reading time\" \/>\n\t<meta name=\"twitter:data1\" content=\"1 minute\" \/>\n<script type=\"application\/ld+json\" class=\"yoast-schema-graph\">{\"@context\":\"https:\\\/\\\/schema.org\",\"@graph\":[{\"@type\":\"WebPage\",\"@id\":\"https:\\\/\\\/cebus-celle.de\\\/fahrplaene\\\/fahrplanauskunft\\\/\",\"url\":\"https:\\\/\\\/cebus-celle.de\\\/fahrplaene\\\/fahrplanauskunft\\\/\",\"name\":\"Fahrplanauskunft - Cebus Celle\",\"isPartOf\":{\"@id\":\"https:\\\/\\\/cebus-celle.de\\\/#website\"},\"primaryImageOfPage\":{\"@id\":\"https:\\\/\\\/cebus-celle.de\\\/fahrplaene\\\/fahrplanauskunft\\\/#primaryimage\"},\"image\":{\"@id\":\"https:\\\/\\\/cebus-celle.de\\\/fahrplaene\\\/fahrplanauskunft\\\/#primaryimage\"},\"thumbnailUrl\":\"https:\\\/\\\/cebus-celle.de\\\/wp-content\\\/uploads\\\/iveco_neufahrzeuge_aufstellung_2023-1.jpg\",\"datePublished\":\"2023-07-03T11:31:20+00:00\",\"dateModified\":\"2025-09-24T14:37:04+00:00\",\"breadcrumb\":{\"@id\":\"https:\\\/\\\/cebus-celle.de\\\/fahrplaene\\\/fahrplanauskunft\\\/#breadcrumb\"},\"inLanguage\":\"en-GB\",\"potentialAction\":[{\"@type\":\"ReadAction\",\"target\":[\"https:\\\/\\\/cebus-celle.de\\\/fahrplaene\\\/fahrplanauskunft\\\/\"]}]},{\"@type\":\"ImageObject\",\"inLanguage\":\"en-GB\",\"@id\":\"https:\\\/\\\/cebus-celle.de\\\/fahrplaene\\\/fahrplanauskunft\\\/#primaryimage\",\"url\":\"https:\\\/\\\/cebus-celle.de\\\/wp-content\\\/uploads\\\/iveco_neufahrzeuge_aufstellung_2023-1.jpg\",\"contentUrl\":\"https:\\\/\\\/cebus-celle.de\\\/wp-content\\\/uploads\\\/iveco_neufahrzeuge_aufstellung_2023-1.jpg\",\"width\":2560,\"height\":1375,\"caption\":\"Drei Busse von CeBus stehen seitlich auf einer Wiese.\"},{\"@type\":\"BreadcrumbList\",\"@id\":\"https:\\\/\\\/cebus-celle.de\\\/fahrplaene\\\/fahrplanauskunft\\\/#breadcrumb\",\"itemListElement\":[{\"@type\":\"ListItem\",\"position\":1,\"name\":\"Startseite\",\"item\":\"https:\\\/\\\/cebus-celle.de\\\/\"},{\"@type\":\"ListItem\",\"position\":2,\"name\":\"Fahrpl\u00e4ne\",\"item\":\"https:\\\/\\\/cebus-celle.de\\\/fahrplaene\\\/\"},{\"@type\":\"ListItem\",\"position\":3,\"name\":\"Fahrplanauskunft\"}]},{\"@type\":\"WebSite\",\"@id\":\"https:\\\/\\\/cebus-celle.de\\\/#website\",\"url\":\"https:\\\/\\\/cebus-celle.de\\\/\",\"name\":\"Cebus Celle\",\"description\":\"\",\"publisher\":{\"@id\":\"https:\\\/\\\/cebus-celle.de\\\/#organization\"},\"potentialAction\":[{\"@type\":\"SearchAction\",\"target\":{\"@type\":\"EntryPoint\",\"urlTemplate\":\"https:\\\/\\\/cebus-celle.de\\\/?s={search_term_string}\"},\"query-input\":{\"@type\":\"PropertyValueSpecification\",\"valueRequired\":true,\"valueName\":\"search_term_string\"}}],\"inLanguage\":\"en-GB\"},{\"@type\":\"Organization\",\"@id\":\"https:\\\/\\\/cebus-celle.de\\\/#organization\",\"name\":\"Cebus Celle\",\"url\":\"https:\\\/\\\/cebus-celle.de\\\/\",\"logo\":{\"@type\":\"ImageObject\",\"inLanguage\":\"en-GB\",\"@id\":\"https:\\\/\\\/cebus-celle.de\\\/#\\\/schema\\\/logo\\\/image\\\/\",\"url\":\"https:\\\/\\\/cebus-celle.de\\\/wp-content\\\/uploads\\\/logo-kvg.png\",\"contentUrl\":\"https:\\\/\\\/cebus-celle.de\\\/wp-content\\\/uploads\\\/logo-kvg.png\",\"width\":171,\"height\":68,\"caption\":\"Cebus Celle\"},\"image\":{\"@id\":\"https:\\\/\\\/cebus-celle.de\\\/#\\\/schema\\\/logo\\\/image\\\/\"}}]}<\/script>\n<!-- \/ Yoast SEO plugin. -->","yoast_head_json":{"title":"Timetable information - Cebus Celle","robots":{"index":"index","follow":"follow","max-snippet":"max-snippet:-1","max-image-preview":"max-image-preview:large","max-video-preview":"max-video-preview:-1"},"canonical":"https:\/\/cebus-celle.de\/en\/driving-plans-2\/timetable-information-2\/","og_locale":"en_GB","og_type":"article","og_title":"Fahrplanauskunft - Cebus Celle","og_description":"FAHRPLANAUSKUNFT Gut informiert: Hol dir deine Ausk\u00fcnfte wie es dir gef\u00e4llt Online-Fahrplanauskunft Finde den schnellsten Weg zu deinem Ziel mit der elektronischen Fahrplanauskunft. \u00dcber&#8217;s Telefon Nat\u00fcrlich kannst du uns auch anrufen. Unsere Fahrplanauskunft ist t\u00e4glich 24 Stunden &#8211; also rund um die Uhr &#8211; unter der Nummer 05141 2788864 erreichbar. In deiner N\u00e4he Neben unseren Tickets kannst du in den Vorverkaufsstellen auch Infos zum Busverkehr erhalten","og_url":"https:\/\/cebus-celle.de\/en\/driving-plans-2\/timetable-information-2\/","og_site_name":"Cebus Celle","article_modified_time":"2025-09-24T14:37:04+00:00","og_image":[{"width":2560,"height":1375,"url":"https:\/\/cebus-celle.de\/wp-content\/uploads\/iveco_neufahrzeuge_aufstellung_2023-1.jpg","type":"image\/jpeg"}],"twitter_card":"summary_large_image","twitter_misc":{"Estimated reading time":"1 minute"},"schema":{"@context":"https:\/\/schema.org","@graph":[{"@type":"WebPage","@id":"https:\/\/cebus-celle.de\/fahrplaene\/fahrplanauskunft\/","url":"https:\/\/cebus-celle.de\/fahrplaene\/fahrplanauskunft\/","name":"Timetable information - Cebus Celle","isPartOf":{"@id":"https:\/\/cebus-celle.de\/#website"},"primaryImageOfPage":{"@id":"https:\/\/cebus-celle.de\/fahrplaene\/fahrplanauskunft\/#primaryimage"},"image":{"@id":"https:\/\/cebus-celle.de\/fahrplaene\/fahrplanauskunft\/#primaryimage"},"thumbnailUrl":"https:\/\/cebus-celle.de\/wp-content\/uploads\/iveco_neufahrzeuge_aufstellung_2023-1.jpg","datePublished":"2023-07-03T11:31:20+00:00","dateModified":"2025-09-24T14:37:04+00:00","breadcrumb":{"@id":"https:\/\/cebus-celle.de\/fahrplaene\/fahrplanauskunft\/#breadcrumb"},"inLanguage":"en-GB","potentialAction":[{"@type":"ReadAction","target":["https:\/\/cebus-celle.de\/fahrplaene\/fahrplanauskunft\/"]}]},{"@type":"ImageObject","inLanguage":"en-GB","@id":"https:\/\/cebus-celle.de\/fahrplaene\/fahrplanauskunft\/#primaryimage","url":"https:\/\/cebus-celle.de\/wp-content\/uploads\/iveco_neufahrzeuge_aufstellung_2023-1.jpg","contentUrl":"https:\/\/cebus-celle.de\/wp-content\/uploads\/iveco_neufahrzeuge_aufstellung_2023-1.jpg","width":2560,"height":1375,"caption":"Drei Busse von CeBus stehen seitlich auf einer Wiese."},{"@type":"BreadcrumbList","@id":"https:\/\/cebus-celle.de\/fahrplaene\/fahrplanauskunft\/#breadcrumb","itemListElement":[{"@type":"ListItem","position":1,"name":"Startseite","item":"https:\/\/cebus-celle.de\/"},{"@type":"ListItem","position":2,"name":"Fahrpl\u00e4ne","item":"https:\/\/cebus-celle.de\/fahrplaene\/"},{"@type":"ListItem","position":3,"name":"Fahrplanauskunft"}]},{"@type":"WebSite","@id":"https:\/\/cebus-celle.de\/#website","url":"https:\/\/cebus-celle.de\/","name":"Cebus Celle","description":"","publisher":{"@id":"https:\/\/cebus-celle.de\/#organization"},"potentialAction":[{"@type":"SearchAction","target":{"@type":"EntryPoint","urlTemplate":"https:\/\/cebus-celle.de\/?s={search_term_string}"},"query-input":{"@type":"PropertyValueSpecification","valueRequired":true,"valueName":"search_term_string"}}],"inLanguage":"en-GB"},{"@type":"Organization","@id":"https:\/\/cebus-celle.de\/#organization","name":"Cebus Celle","url":"https:\/\/cebus-celle.de\/","logo":{"@type":"ImageObject","inLanguage":"en-GB","@id":"https:\/\/cebus-celle.de\/#\/schema\/logo\/image\/","url":"https:\/\/cebus-celle.de\/wp-content\/uploads\/logo-kvg.png","contentUrl":"https:\/\/cebus-celle.de\/wp-content\/uploads\/logo-kvg.png","width":171,"height":68,"caption":"Cebus Celle"},"image":{"@id":"https:\/\/cebus-celle.de\/#\/schema\/logo\/image\/"}}]}},"_links":{"self":[{"href":"https:\/\/cebus-celle.de\/en\/wp-json\/wp\/v2\/pages\/331","targetHints":{"allow":["GET"]}}],"collection":[{"href":"https:\/\/cebus-celle.de\/en\/wp-json\/wp\/v2\/pages"}],"about":[{"href":"https:\/\/cebus-celle.de\/en\/wp-json\/wp\/v2\/types\/page"}],"author":[{"embeddable":true,"href":"https:\/\/cebus-celle.de\/en\/wp-json\/wp\/v2\/users\/4"}],"replies":[{"embeddable":true,"href":"https:\/\/cebus-celle.de\/en\/wp-json\/wp\/v2\/comments?post=331"}],"version-history":[{"count":3,"href":"https:\/\/cebus-celle.de\/en\/wp-json\/wp\/v2\/pages\/331\/revisions"}],"predecessor-version":[{"id":4779,"href":"https:\/\/cebus-celle.de\/en\/wp-json\/wp\/v2\/pages\/331\/revisions\/4779"}],"up":[{"embeddable":true,"href":"https:\/\/cebus-celle.de\/en\/wp-json\/wp\/v2\/pages\/361"}],"wp:featuredmedia":[{"embeddable":true,"href":"https:\/\/cebus-celle.de\/en\/wp-json\/wp\/v2\/media\/339"}],"wp:attachment":[{"href":"https:\/\/cebus-celle.de\/en\/wp-json\/wp\/v2\/media?parent=331"}],"curies":[{"name":"wp","href":"https:\/\/api.w.org\/{rel}","templated":true}]}}