{"id":6,"date":"2022-12-12T16:01:17","date_gmt":"2022-12-12T16:01:17","guid":{"rendered":"https:\/\/cebus-celle.de\/?page_id=6"},"modified":"2024-12-27T10:14:39","modified_gmt":"2024-12-27T09:14:39","slug":"imprint-2","status":"publish","type":"page","link":"https:\/\/cebus-celle.de\/en\/impressum\/","title":{"rendered":"Imprint"},"content":{"rendered":"<div data-elementor-type=\"wp-page\" data-elementor-id=\"6\" class=\"elementor elementor-6\" data-elementor-post-type=\"page\">\n\t\t\t\t\t\t<section class=\"elementor-section elementor-top-section elementor-element elementor-element-4d81d7f margin-left-0 elementor-section-boxed elementor-section-height-default elementor-section-height-default wpr-particle-no wpr-jarallax-no wpr-parallax-no wpr-sticky-section-no wpr-equal-height-no\" data-id=\"4d81d7f\" data-element_type=\"section\" data-e-type=\"section\">\n\t\t\t\t\t\t<div class=\"elementor-container elementor-column-gap-default\">\n\t\t\t\t\t<div class=\"elementor-column elementor-col-50 elementor-top-column elementor-element elementor-element-b6f2c36\" data-id=\"b6f2c36\" data-element_type=\"column\" data-e-type=\"column\">\n\t\t\t<div class=\"elementor-widget-wrap elementor-element-populated\">\n\t\t\t\t\t\t<div class=\"elementor-element elementor-element-15a4fbd elementor-widget elementor-widget-heading\" data-id=\"15a4fbd\" data-element_type=\"widget\" data-e-type=\"widget\" data-widget_type=\"heading.default\">\n\t\t\t\t<div class=\"elementor-widget-container\">\n\t\t\t\t\t<h2 class=\"elementor-heading-title elementor-size-default\">IMPRINT<\/h2>\t\t\t\t<\/div>\n\t\t\t\t<\/div>\n\t\t\t\t<div class=\"elementor-element elementor-element-80668f5 mb-0 elementor-widget elementor-widget-text-editor\" data-id=\"80668f5\" data-element_type=\"widget\" data-e-type=\"widget\" data-widget_type=\"text-editor.default\">\n\t\t\t\t<div class=\"elementor-widget-container\">\n\t\t\t\t\t\t\t\t\t<p><strong>CeBus GmbH &amp; Co. KG<\/strong><\/p>\t\t\t\t\t\t\t\t<\/div>\n\t\t\t\t<\/div>\n\t\t\t\t<div class=\"elementor-element elementor-element-3b97d2d mb-1 elementor-widget elementor-widget-text-editor\" data-id=\"3b97d2d\" data-element_type=\"widget\" data-e-type=\"widget\" data-widget_type=\"text-editor.default\">\n\t\t\t\t<div class=\"elementor-widget-container\">\n\t\t\t\t\t\t\t\t\t<p>Nienburger Str. 50<br \/>29225 Celle<\/p>\t\t\t\t\t\t\t\t<\/div>\n\t\t\t\t<\/div>\n\t\t\t\t<div class=\"elementor-element elementor-element-d6c6133 elementor-align-start elementor-list-item-link-inline elementor-mobile-align-start elementor-icon-list--layout-traditional elementor-widget elementor-widget-icon-list\" data-id=\"d6c6133\" data-element_type=\"widget\" data-e-type=\"widget\" data-widget_type=\"icon-list.default\">\n\t\t\t\t<div class=\"elementor-widget-container\">\n\t\t\t\t\t\t\t<ul class=\"elementor-icon-list-items\">\n\t\t\t\t\t\t\t<li class=\"elementor-icon-list-item\">\n\t\t\t\t\t\t\t\t\t\t\t<a href=\"tel:05130583830\">\n\n\t\t\t\t\t\t\t\t\t\t\t\t<span class=\"elementor-icon-list-icon\">\n\t\t\t\t\t\t\t<i aria-hidden=\"true\" class=\"fas fa-phone-alt\"><\/i>\t\t\t\t\t\t<\/span>\n\t\t\t\t\t\t\t\t\t\t<span class=\"elementor-icon-list-text\">05141 48708-0<\/span>\n\t\t\t\t\t\t\t\t\t\t\t<\/a>\n\t\t\t\t\t\t\t\t\t<\/li>\n\t\t\t\t\t\t\t\t<li class=\"elementor-icon-list-item\">\n\t\t\t\t\t\t\t\t\t\t\t<a href=\"fax:051414870839\">\n\n\t\t\t\t\t\t\t\t\t\t\t\t<span class=\"elementor-icon-list-icon\">\n\t\t\t\t\t\t\t<i aria-hidden=\"true\" class=\"fas fa-fax\"><\/i>\t\t\t\t\t\t<\/span>\n\t\t\t\t\t\t\t\t\t\t<span class=\"elementor-icon-list-text\">05141 48708-39<\/span>\n\t\t\t\t\t\t\t\t\t\t\t<\/a>\n\t\t\t\t\t\t\t\t\t<\/li>\n\t\t\t\t\t\t\t\t<li class=\"elementor-icon-list-item\">\n\t\t\t\t\t\t\t\t\t\t\t<a href=\"mailto:info@cebus-celle.de\">\n\n\t\t\t\t\t\t\t\t\t\t\t\t<span class=\"elementor-icon-list-icon\">\n\t\t\t\t\t\t\t<i aria-hidden=\"true\" class=\"fas fa-paper-plane\"><\/i>\t\t\t\t\t\t<\/span>\n\t\t\t\t\t\t\t\t\t\t<span class=\"elementor-icon-list-text\">info@cebus-celle.de<\/span>\n\t\t\t\t\t\t\t\t\t\t\t<\/a>\n\t\t\t\t\t\t\t\t\t<\/li>\n\t\t\t\t\t\t<\/ul>\n\t\t\t\t\t\t<\/div>\n\t\t\t\t<\/div>\n\t\t\t\t<div class=\"elementor-element elementor-element-aaf49e1 elementor-widget elementor-widget-text-editor\" data-id=\"aaf49e1\" data-element_type=\"widget\" data-e-type=\"widget\" data-widget_type=\"text-editor.default\">\n\t\t\t\t<div class=\"elementor-widget-container\">\n\t\t\t\t\t\t\t\t\t<p><strong>Management<\/strong><br \/>Dipl.-Kfm. Stefan Koschick, Dipl. Kffr. Katrin Driver<\/p>\n<p><strong>Commercial register entry<\/strong><br \/>Local court L\u00fcneburg, HRA 100744<\/p>\n<p><strong>Sales tax identification number<\/strong><br \/>DE813590475\u00a0<\/p>\n<p><strong>Editorial office <\/strong><\/p>\n<p>Sherin Prager, Birgit Peters\u00a0<\/p>\n<p><!-- \/wp:heading --><\/p>\t\t\t\t\t\t\t\t<\/div>\n\t\t\t\t<\/div>\n\t\t\t\t<div class=\"elementor-element elementor-element-b9ace00 elementor-align-start elementor-list-item-link-inline elementor-mobile-align-start elementor-icon-list--layout-traditional elementor-widget elementor-widget-icon-list\" data-id=\"b9ace00\" data-element_type=\"widget\" data-e-type=\"widget\" data-widget_type=\"icon-list.default\">\n\t\t\t\t<div class=\"elementor-widget-container\">\n\t\t\t\t\t\t\t<ul class=\"elementor-icon-list-items\">\n\t\t\t\t\t\t\t<li class=\"elementor-icon-list-item\">\n\t\t\t\t\t\t\t\t\t\t\t<a href=\"mailto:webmaster@cebus-celle.de\">\n\n\t\t\t\t\t\t\t\t\t\t\t\t<span class=\"elementor-icon-list-icon\">\n\t\t\t\t\t\t\t<i aria-hidden=\"true\" class=\"fas fa-paper-plane\"><\/i>\t\t\t\t\t\t<\/span>\n\t\t\t\t\t\t\t\t\t\t<span class=\"elementor-icon-list-text\">webmaster@cebus-celle.de<\/span>\n\t\t\t\t\t\t\t\t\t\t\t<\/a>\n\t\t\t\t\t\t\t\t\t<\/li>\n\t\t\t\t\t\t<\/ul>\n\t\t\t\t\t\t<\/div>\n\t\t\t\t<\/div>\n\t\t\t\t<div class=\"elementor-element elementor-element-d4df76b elementor-widget elementor-widget-text-editor\" data-id=\"d4df76b\" data-element_type=\"widget\" data-e-type=\"widget\" data-widget_type=\"text-editor.default\">\n\t\t\t\t<div class=\"elementor-widget-container\">\n\t\t\t\t\t\t\t\t\t<p><strong>Authorisations <\/strong><\/p>\n<p>In Lower Saxony, the Landesnahverkehrsgesellschaft Niedersachsen mbH (LNVG), Kurt-Schumacher-Stra\u00dfe 5, 30159 Hanover, is responsible for authorisations in accordance with \u00a7 42 and \u00a7 43 PBefG.<\/p>\n<p>In Lower Saxony, the lower transport authority (district, region, independent city) at the company's place of business is responsible for authorisations in accordance with \u00a7 48 and \u00a7 49 PBefG.\u00a0<\/p>\n<p><strong>Disclaimer <\/strong><\/p>\n<p>Despite careful control of the content, we accept no liability for the content of external links. The operators of the linked pages are solely responsible for their content.\u00a0<\/p>\n<p><strong>Design &amp; realisation <\/strong><\/p>\n<p><a href=\"https:\/\/blauzweig.de\/\" target=\"_blank\" rel=\"noopener\">blauzweig.de<\/a><\/p>\n<p><strong>Image rights<\/strong><\/p>\n<p>Unless otherwise stated:<br \/>CeBus GmbH &amp; Co. KG<\/p>\t\t\t\t\t\t\t\t<\/div>\n\t\t\t\t<\/div>\n\t\t\t\t\t<\/div>\n\t\t<\/div>\n\t\t\t\t<div class=\"elementor-column elementor-col-50 elementor-top-column elementor-element elementor-element-1a3adf4\" data-id=\"1a3adf4\" data-element_type=\"column\" data-e-type=\"column\">\n\t\t\t<div class=\"elementor-widget-wrap\">\n\t\t\t\t\t\t\t<\/div>\n\t\t<\/div>\n\t\t\t\t\t<\/div>\n\t\t<\/section>\n\t\t\t\t<\/div>","protected":false},"excerpt":{"rendered":"<p>IMPRESSUM CeBus GmbH &amp; Co. KG Nienburger Str. 5029225 Celle 05141 48708-0 05141 48708-39 info@cebus-celle.de Gesch\u00e4ftsf\u00fchrungDipl.-Kfm. Stefan Koschick, Dipl. Kffr. Katrin Driver HandelsregistereintragAmtsgericht L\u00fcneburg, HRA 100744 Umsatzsteuer-IdentifikationsnummerDE813590475\u00a0 Redaktion Sherin Prager, Birgit Peters\u00a0 webmaster@cebus-celle.de Genehmigungen F\u00fcr Genehmigungen nach \u00a7 42 und \u00a7 43 PBefG ist in Niedersachen die Landesnahverkehrsgesellschaft Niedersachsen mbH (LNVG), Kurt-Schumacher-Stra\u00dfe 5, 30159 Hannover zust\u00e4ndig. F\u00fcr die Genehmigungen nach \u00a7 48 und \u00a7 49 PBefG ist in Niedersachsen jeweils die Untere Verkehrsbeh\u00f6rde (Landkreis, Region, kreisfreie Stadt) am Betriebssitz des Unternehmens zust\u00e4ndig.\u00a0 Haftungshinweis Trotz sorgf\u00e4ltiger inhaltlicher Kontrolle \u00fcbernehmen wir keine Haftung f\u00fcr die Inhalte externer Links. F\u00fcr den Inhalt der verlinkten Seiten sind ausschlie\u00dflich deren Betreiber verantwortlich.\u00a0 Design &amp; Umsetzung blauzweig.de Bildrechte Soweit nicht anders angegeben:\u00a9 CeBus GmbH &amp; Co.KG<\/p>","protected":false},"author":1,"featured_media":926,"parent":0,"menu_order":69,"comment_status":"closed","ping_status":"closed","template":"","meta":{"footnotes":""},"class_list":["post-6","page","type-page","status-publish","has-post-thumbnail","hentry"],"yoast_head":"<!-- This site is optimized with the Yoast SEO plugin v27.4 - https:\/\/yoast.com\/product\/yoast-seo-wordpress\/ -->\n<title>Impressum - Cebus Celle<\/title>\n<meta name=\"robots\" content=\"index, follow, max-snippet:-1, max-image-preview:large, max-video-preview:-1\" \/>\n<link rel=\"canonical\" href=\"https:\/\/cebus-celle.de\/en\/imprint-2\/\" \/>\n<meta property=\"og:locale\" content=\"en_GB\" \/>\n<meta property=\"og:type\" content=\"article\" \/>\n<meta property=\"og:title\" content=\"Impressum - Cebus Celle\" \/>\n<meta property=\"og:description\" content=\"IMPRESSUM CeBus GmbH &amp; Co. KG Nienburger Str. 5029225 Celle 05141 48708-0 05141 48708-39 info@cebus-celle.de Gesch\u00e4ftsf\u00fchrungDipl.-Kfm. Stefan Koschick, Dipl. Kffr. Katrin Driver HandelsregistereintragAmtsgericht L\u00fcneburg, HRA 100744 Umsatzsteuer-IdentifikationsnummerDE813590475\u00a0 Redaktion Sherin Prager, Birgit Peters\u00a0 webmaster@cebus-celle.de Genehmigungen F\u00fcr Genehmigungen nach \u00a7 42 und \u00a7 43 PBefG ist in Niedersachen die Landesnahverkehrsgesellschaft Niedersachsen mbH (LNVG), Kurt-Schumacher-Stra\u00dfe 5, 30159 Hannover zust\u00e4ndig. F\u00fcr die Genehmigungen nach \u00a7 48 und \u00a7 49 PBefG ist in Niedersachsen jeweils die Untere Verkehrsbeh\u00f6rde (Landkreis, Region, kreisfreie Stadt) am Betriebssitz des Unternehmens zust\u00e4ndig.\u00a0 Haftungshinweis Trotz sorgf\u00e4ltiger inhaltlicher Kontrolle \u00fcbernehmen wir keine Haftung f\u00fcr die Inhalte externer Links. F\u00fcr den Inhalt der verlinkten Seiten sind ausschlie\u00dflich deren Betreiber verantwortlich.\u00a0 Design &amp; Umsetzung blauzweig.de Bildrechte Soweit nicht anders angegeben:\u00a9 CeBus GmbH &amp; Co.KG\" \/>\n<meta property=\"og:url\" content=\"https:\/\/cebus-celle.de\/en\/imprint-2\/\" \/>\n<meta property=\"og:site_name\" content=\"Cebus Celle\" \/>\n<meta property=\"article:modified_time\" content=\"2024-12-27T09:14:39+00:00\" \/>\n<meta property=\"og:image\" content=\"https:\/\/cebus-celle.de\/wp-content\/uploads\/header_betriebshof.jpg\" \/>\n\t<meta property=\"og:image:width\" content=\"2000\" \/>\n\t<meta property=\"og:image:height\" content=\"1063\" \/>\n\t<meta property=\"og:image:type\" content=\"image\/jpeg\" \/>\n<meta name=\"twitter:card\" content=\"summary_large_image\" \/>\n<meta name=\"twitter:label1\" content=\"Estimated reading time\" \/>\n\t<meta name=\"twitter:data1\" content=\"1 minute\" \/>\n<script type=\"application\/ld+json\" class=\"yoast-schema-graph\">{\"@context\":\"https:\\\/\\\/schema.org\",\"@graph\":[{\"@type\":\"WebPage\",\"@id\":\"https:\\\/\\\/cebus-celle.de\\\/impressum\\\/\",\"url\":\"https:\\\/\\\/cebus-celle.de\\\/impressum\\\/\",\"name\":\"Impressum - Cebus Celle\",\"isPartOf\":{\"@id\":\"https:\\\/\\\/cebus-celle.de\\\/#website\"},\"primaryImageOfPage\":{\"@id\":\"https:\\\/\\\/cebus-celle.de\\\/impressum\\\/#primaryimage\"},\"image\":{\"@id\":\"https:\\\/\\\/cebus-celle.de\\\/impressum\\\/#primaryimage\"},\"thumbnailUrl\":\"https:\\\/\\\/cebus-celle.de\\\/wp-content\\\/uploads\\\/header_betriebshof.jpg\",\"datePublished\":\"2022-12-12T16:01:17+00:00\",\"dateModified\":\"2024-12-27T09:14:39+00:00\",\"breadcrumb\":{\"@id\":\"https:\\\/\\\/cebus-celle.de\\\/impressum\\\/#breadcrumb\"},\"inLanguage\":\"en-GB\",\"potentialAction\":[{\"@type\":\"ReadAction\",\"target\":[\"https:\\\/\\\/cebus-celle.de\\\/impressum\\\/\"]}]},{\"@type\":\"ImageObject\",\"inLanguage\":\"en-GB\",\"@id\":\"https:\\\/\\\/cebus-celle.de\\\/impressum\\\/#primaryimage\",\"url\":\"https:\\\/\\\/cebus-celle.de\\\/wp-content\\\/uploads\\\/header_betriebshof.jpg\",\"contentUrl\":\"https:\\\/\\\/cebus-celle.de\\\/wp-content\\\/uploads\\\/header_betriebshof.jpg\",\"width\":2000,\"height\":1063},{\"@type\":\"BreadcrumbList\",\"@id\":\"https:\\\/\\\/cebus-celle.de\\\/impressum\\\/#breadcrumb\",\"itemListElement\":[{\"@type\":\"ListItem\",\"position\":1,\"name\":\"Startseite\",\"item\":\"https:\\\/\\\/cebus-celle.de\\\/\"},{\"@type\":\"ListItem\",\"position\":2,\"name\":\"Impressum\"}]},{\"@type\":\"WebSite\",\"@id\":\"https:\\\/\\\/cebus-celle.de\\\/#website\",\"url\":\"https:\\\/\\\/cebus-celle.de\\\/\",\"name\":\"Cebus Celle\",\"description\":\"\",\"publisher\":{\"@id\":\"https:\\\/\\\/cebus-celle.de\\\/#organization\"},\"potentialAction\":[{\"@type\":\"SearchAction\",\"target\":{\"@type\":\"EntryPoint\",\"urlTemplate\":\"https:\\\/\\\/cebus-celle.de\\\/?s={search_term_string}\"},\"query-input\":{\"@type\":\"PropertyValueSpecification\",\"valueRequired\":true,\"valueName\":\"search_term_string\"}}],\"inLanguage\":\"en-GB\"},{\"@type\":\"Organization\",\"@id\":\"https:\\\/\\\/cebus-celle.de\\\/#organization\",\"name\":\"Cebus Celle\",\"url\":\"https:\\\/\\\/cebus-celle.de\\\/\",\"logo\":{\"@type\":\"ImageObject\",\"inLanguage\":\"en-GB\",\"@id\":\"https:\\\/\\\/cebus-celle.de\\\/#\\\/schema\\\/logo\\\/image\\\/\",\"url\":\"https:\\\/\\\/cebus-celle.de\\\/wp-content\\\/uploads\\\/logo-kvg.png\",\"contentUrl\":\"https:\\\/\\\/cebus-celle.de\\\/wp-content\\\/uploads\\\/logo-kvg.png\",\"width\":171,\"height\":68,\"caption\":\"Cebus Celle\"},\"image\":{\"@id\":\"https:\\\/\\\/cebus-celle.de\\\/#\\\/schema\\\/logo\\\/image\\\/\"}}]}<\/script>\n<!-- \/ Yoast SEO plugin. -->","yoast_head_json":{"title":"Imprint - Cebus Celle","robots":{"index":"index","follow":"follow","max-snippet":"max-snippet:-1","max-image-preview":"max-image-preview:large","max-video-preview":"max-video-preview:-1"},"canonical":"https:\/\/cebus-celle.de\/en\/imprint-2\/","og_locale":"en_GB","og_type":"article","og_title":"Impressum - Cebus Celle","og_description":"IMPRESSUM CeBus GmbH &amp; Co. KG Nienburger Str. 5029225 Celle 05141 48708-0 05141 48708-39 info@cebus-celle.de Gesch\u00e4ftsf\u00fchrungDipl.-Kfm. Stefan Koschick, Dipl. Kffr. Katrin Driver HandelsregistereintragAmtsgericht L\u00fcneburg, HRA 100744 Umsatzsteuer-IdentifikationsnummerDE813590475\u00a0 Redaktion Sherin Prager, Birgit Peters\u00a0 webmaster@cebus-celle.de Genehmigungen F\u00fcr Genehmigungen nach \u00a7 42 und \u00a7 43 PBefG ist in Niedersachen die Landesnahverkehrsgesellschaft Niedersachsen mbH (LNVG), Kurt-Schumacher-Stra\u00dfe 5, 30159 Hannover zust\u00e4ndig. F\u00fcr die Genehmigungen nach \u00a7 48 und \u00a7 49 PBefG ist in Niedersachsen jeweils die Untere Verkehrsbeh\u00f6rde (Landkreis, Region, kreisfreie Stadt) am Betriebssitz des Unternehmens zust\u00e4ndig.\u00a0 Haftungshinweis Trotz sorgf\u00e4ltiger inhaltlicher Kontrolle \u00fcbernehmen wir keine Haftung f\u00fcr die Inhalte externer Links. F\u00fcr den Inhalt der verlinkten Seiten sind ausschlie\u00dflich deren Betreiber verantwortlich.\u00a0 Design &amp; Umsetzung blauzweig.de Bildrechte Soweit nicht anders angegeben:\u00a9 CeBus GmbH &amp; Co.KG","og_url":"https:\/\/cebus-celle.de\/en\/imprint-2\/","og_site_name":"Cebus Celle","article_modified_time":"2024-12-27T09:14:39+00:00","og_image":[{"width":2000,"height":1063,"url":"https:\/\/cebus-celle.de\/wp-content\/uploads\/header_betriebshof.jpg","type":"image\/jpeg"}],"twitter_card":"summary_large_image","twitter_misc":{"Estimated reading time":"1 minute"},"schema":{"@context":"https:\/\/schema.org","@graph":[{"@type":"WebPage","@id":"https:\/\/cebus-celle.de\/impressum\/","url":"https:\/\/cebus-celle.de\/impressum\/","name":"Imprint - Cebus Celle","isPartOf":{"@id":"https:\/\/cebus-celle.de\/#website"},"primaryImageOfPage":{"@id":"https:\/\/cebus-celle.de\/impressum\/#primaryimage"},"image":{"@id":"https:\/\/cebus-celle.de\/impressum\/#primaryimage"},"thumbnailUrl":"https:\/\/cebus-celle.de\/wp-content\/uploads\/header_betriebshof.jpg","datePublished":"2022-12-12T16:01:17+00:00","dateModified":"2024-12-27T09:14:39+00:00","breadcrumb":{"@id":"https:\/\/cebus-celle.de\/impressum\/#breadcrumb"},"inLanguage":"en-GB","potentialAction":[{"@type":"ReadAction","target":["https:\/\/cebus-celle.de\/impressum\/"]}]},{"@type":"ImageObject","inLanguage":"en-GB","@id":"https:\/\/cebus-celle.de\/impressum\/#primaryimage","url":"https:\/\/cebus-celle.de\/wp-content\/uploads\/header_betriebshof.jpg","contentUrl":"https:\/\/cebus-celle.de\/wp-content\/uploads\/header_betriebshof.jpg","width":2000,"height":1063},{"@type":"BreadcrumbList","@id":"https:\/\/cebus-celle.de\/impressum\/#breadcrumb","itemListElement":[{"@type":"ListItem","position":1,"name":"Startseite","item":"https:\/\/cebus-celle.de\/"},{"@type":"ListItem","position":2,"name":"Impressum"}]},{"@type":"WebSite","@id":"https:\/\/cebus-celle.de\/#website","url":"https:\/\/cebus-celle.de\/","name":"Cebus Celle","description":"","publisher":{"@id":"https:\/\/cebus-celle.de\/#organization"},"potentialAction":[{"@type":"SearchAction","target":{"@type":"EntryPoint","urlTemplate":"https:\/\/cebus-celle.de\/?s={search_term_string}"},"query-input":{"@type":"PropertyValueSpecification","valueRequired":true,"valueName":"search_term_string"}}],"inLanguage":"en-GB"},{"@type":"Organization","@id":"https:\/\/cebus-celle.de\/#organization","name":"Cebus Celle","url":"https:\/\/cebus-celle.de\/","logo":{"@type":"ImageObject","inLanguage":"en-GB","@id":"https:\/\/cebus-celle.de\/#\/schema\/logo\/image\/","url":"https:\/\/cebus-celle.de\/wp-content\/uploads\/logo-kvg.png","contentUrl":"https:\/\/cebus-celle.de\/wp-content\/uploads\/logo-kvg.png","width":171,"height":68,"caption":"Cebus Celle"},"image":{"@id":"https:\/\/cebus-celle.de\/#\/schema\/logo\/image\/"}}]}},"_links":{"self":[{"href":"https:\/\/cebus-celle.de\/en\/wp-json\/wp\/v2\/pages\/6","targetHints":{"allow":["GET"]}}],"collection":[{"href":"https:\/\/cebus-celle.de\/en\/wp-json\/wp\/v2\/pages"}],"about":[{"href":"https:\/\/cebus-celle.de\/en\/wp-json\/wp\/v2\/types\/page"}],"author":[{"embeddable":true,"href":"https:\/\/cebus-celle.de\/en\/wp-json\/wp\/v2\/users\/1"}],"replies":[{"embeddable":true,"href":"https:\/\/cebus-celle.de\/en\/wp-json\/wp\/v2\/comments?post=6"}],"version-history":[{"count":6,"href":"https:\/\/cebus-celle.de\/en\/wp-json\/wp\/v2\/pages\/6\/revisions"}],"predecessor-version":[{"id":3503,"href":"https:\/\/cebus-celle.de\/en\/wp-json\/wp\/v2\/pages\/6\/revisions\/3503"}],"wp:featuredmedia":[{"embeddable":true,"href":"https:\/\/cebus-celle.de\/en\/wp-json\/wp\/v2\/media\/926"}],"wp:attachment":[{"href":"https:\/\/cebus-celle.de\/en\/wp-json\/wp\/v2\/media?parent=6"}],"curies":[{"name":"wp","href":"https:\/\/api.w.org\/{rel}","templated":true}]}}