{"id":3121,"date":"2024-10-17T11:08:19","date_gmt":"2024-10-17T09:08:19","guid":{"rendered":"https:\/\/cebus-celle.de\/?page_id=3121"},"modified":"2024-12-02T10:09:28","modified_gmt":"2024-12-02T09:09:28","slug":"danke","status":"publish","type":"page","link":"https:\/\/cebus-celle.de\/pl\/danke\/","title":{"rendered":"DANKE"},"content":{"rendered":"<div data-elementor-type=\"wp-page\" data-elementor-id=\"3121\" class=\"elementor elementor-3121\" data-elementor-post-type=\"page\">\n\t\t\t\t<div class=\"elementor-element elementor-element-93a8fa1 e-flex e-con-boxed wpr-particle-no wpr-jarallax-no wpr-parallax-no wpr-sticky-section-no wpr-equal-height-no e-con e-parent\" data-id=\"93a8fa1\" data-element_type=\"container\" data-e-type=\"container\">\n\t\t\t\t\t<div class=\"e-con-inner\">\n\t\t\t\t<div class=\"elementor-element elementor-element-4e67af7 elementor-widget elementor-widget-heading\" data-id=\"4e67af7\" data-element_type=\"widget\" data-e-type=\"widget\" data-widget_type=\"heading.default\">\n\t\t\t\t<div class=\"elementor-widget-container\">\n\t\t\t\t\t<h2 class=\"elementor-heading-title elementor-size-default\">DANKE<\/h2>\t\t\t\t<\/div>\n\t\t\t\t<\/div>\n\t\t\t\t\t<\/div>\n\t\t\t\t<\/div>\n\t\t<div class=\"elementor-element elementor-element-7467d03 e-flex e-con-boxed wpr-particle-no wpr-jarallax-no wpr-parallax-no wpr-sticky-section-no wpr-equal-height-no e-con e-parent\" data-id=\"7467d03\" data-element_type=\"container\" data-e-type=\"container\">\n\t\t\t\t\t<div class=\"e-con-inner\">\n\t\t\t\t<div class=\"elementor-element elementor-element-2eb1d1f elementor-widget elementor-widget-text-editor\" data-id=\"2eb1d1f\" data-element_type=\"widget\" data-e-type=\"widget\" data-widget_type=\"text-editor.default\">\n\t\t\t\t<div class=\"elementor-widget-container\">\n\t\t\t\t\t\t\t\t\t<p><strong>DANKE \u2013 f\u00fcr gestern, heute, morgen<\/strong><\/p><p>Liebe Fahrg\u00e4ste,<\/p><p>Weihnachten r\u00fcckt immer n\u00e4her und wieder geht ein Jahr zu Ende. Das m\u00f6chten wir auch in diesem Jahr zum Anlass nehmen, um DANKE zu sagen.<\/p><p>Wir danken euch\u00a0 von Herzen! Ihr seid der Grund, warum wir jeden Tag unser Bestes geben. Eure Treue und euer Vertrauen machen uns zu dem, was wir heute sind und daf\u00fcr sind wir unglaublich dankbar.<\/p><p><strong>Gestern<\/strong> habt Ihr uns motiviert immer besser zu werden,<br \/><strong>Heute<\/strong> schenkt Ihr uns euer Vertrauen,<br \/><strong>Morgen<\/strong> freuen wir uns darauf, euch weiterhin als unsere Fahrg\u00e4ste begr\u00fc\u00dfen zu d\u00fcrfen.<\/p><p>Eure Zufriedenheit ist unser gr\u00f6\u00dftes Ziel und wir setzen alles daran, euch auch in Zukunft mit unseren Leistungen zur Seite zu stehen.\u00a0<\/p><p>Wir w\u00fcnschen euch frohe Weihnachten, genie\u00dft die Festtage im Kreise eurer Lieben und kommt gut ins neue Jahr.<\/p><p>DANKE, euer CeBus-Team<\/p>\t\t\t\t\t\t\t\t<\/div>\n\t\t\t\t<\/div>\n\t\t\t\t\t<\/div>\n\t\t\t\t<\/div>\n\t\t\t\t<\/div>","protected":false},"excerpt":{"rendered":"<p>DANKE DANKE \u2013 f\u00fcr gestern, heute, morgen Liebe Fahrg\u00e4ste, Weihnachten r\u00fcckt immer n\u00e4her und wieder geht ein Jahr zu Ende. Das m\u00f6chten wir auch in diesem Jahr zum Anlass nehmen, um DANKE zu sagen. Wir danken euch\u00a0 von Herzen! Ihr seid der Grund, warum wir jeden Tag unser Bestes geben. Eure Treue und euer Vertrauen machen uns zu dem, was wir heute sind und daf\u00fcr sind wir unglaublich dankbar. Gestern habt Ihr uns motiviert immer besser zu werden, Heute schenkt Ihr uns euer Vertrauen, Morgen freuen wir uns darauf, euch weiterhin als unsere Fahrg\u00e4ste begr\u00fc\u00dfen zu d\u00fcrfen. Eure Zufriedenheit ist unser gr\u00f6\u00dftes Ziel und wir setzen alles daran, euch auch in Zukunft mit unseren Leistungen zur Seite zu stehen. Wir w\u00fcnschen euch frohe Weihnachten, genie\u00dft die Festtage im Kreise eurer Lieben und kommt gut ins neue Jahr. DANKE, euer CeBus-Team<\/p>","protected":false},"author":4,"featured_media":0,"parent":0,"menu_order":9,"comment_status":"closed","ping_status":"closed","template":"","meta":{"footnotes":""},"class_list":["post-3121","page","type-page","status-publish","hentry"],"yoast_head":"<!-- This site is optimized with the Yoast SEO plugin v27.4 - https:\/\/yoast.com\/product\/yoast-seo-wordpress\/ -->\n<title>DANKE - Cebus Celle<\/title>\n<meta name=\"robots\" content=\"index, follow, max-snippet:-1, max-image-preview:large, max-video-preview:-1\" \/>\n<link rel=\"canonical\" href=\"https:\/\/cebus-celle.de\/pl\/danke\/\" \/>\n<meta property=\"og:locale\" content=\"pl_PL\" \/>\n<meta property=\"og:type\" content=\"article\" \/>\n<meta property=\"og:title\" content=\"DANKE - Cebus Celle\" \/>\n<meta property=\"og:description\" content=\"DANKE DANKE \u2013 f\u00fcr gestern, heute, morgen Liebe Fahrg\u00e4ste, Weihnachten r\u00fcckt immer n\u00e4her und wieder geht ein Jahr zu Ende. Das m\u00f6chten wir auch in diesem Jahr zum Anlass nehmen, um DANKE zu sagen. Wir danken euch\u00a0 von Herzen! Ihr seid der Grund, warum wir jeden Tag unser Bestes geben. Eure Treue und euer Vertrauen machen uns zu dem, was wir heute sind und daf\u00fcr sind wir unglaublich dankbar. Gestern habt Ihr uns motiviert immer besser zu werden, Heute schenkt Ihr uns euer Vertrauen, Morgen freuen wir uns darauf, euch weiterhin als unsere Fahrg\u00e4ste begr\u00fc\u00dfen zu d\u00fcrfen. Eure Zufriedenheit ist unser gr\u00f6\u00dftes Ziel und wir setzen alles daran, euch auch in Zukunft mit unseren Leistungen zur Seite zu stehen. Wir w\u00fcnschen euch frohe Weihnachten, genie\u00dft die Festtage im Kreise eurer Lieben und kommt gut ins neue Jahr. DANKE, euer CeBus-Team\" \/>\n<meta property=\"og:url\" content=\"https:\/\/cebus-celle.de\/pl\/danke\/\" \/>\n<meta property=\"og:site_name\" content=\"Cebus Celle\" \/>\n<meta property=\"article:modified_time\" content=\"2024-12-02T09:09:28+00:00\" \/>\n<meta name=\"twitter:card\" content=\"summary_large_image\" \/>\n<meta name=\"twitter:label1\" content=\"Szacowany czas czytania\" \/>\n\t<meta name=\"twitter:data1\" content=\"1 minuta\" \/>\n<script type=\"application\/ld+json\" class=\"yoast-schema-graph\">{\"@context\":\"https:\\\/\\\/schema.org\",\"@graph\":[{\"@type\":\"WebPage\",\"@id\":\"https:\\\/\\\/cebus-celle.de\\\/danke\\\/\",\"url\":\"https:\\\/\\\/cebus-celle.de\\\/danke\\\/\",\"name\":\"DANKE - Cebus Celle\",\"isPartOf\":{\"@id\":\"https:\\\/\\\/cebus-celle.de\\\/#website\"},\"datePublished\":\"2024-10-17T09:08:19+00:00\",\"dateModified\":\"2024-12-02T09:09:28+00:00\",\"breadcrumb\":{\"@id\":\"https:\\\/\\\/cebus-celle.de\\\/danke\\\/#breadcrumb\"},\"inLanguage\":\"pl-PL\",\"potentialAction\":[{\"@type\":\"ReadAction\",\"target\":[\"https:\\\/\\\/cebus-celle.de\\\/danke\\\/\"]}]},{\"@type\":\"BreadcrumbList\",\"@id\":\"https:\\\/\\\/cebus-celle.de\\\/danke\\\/#breadcrumb\",\"itemListElement\":[{\"@type\":\"ListItem\",\"position\":1,\"name\":\"Startseite\",\"item\":\"https:\\\/\\\/cebus-celle.de\\\/\"},{\"@type\":\"ListItem\",\"position\":2,\"name\":\"DANKE\"}]},{\"@type\":\"WebSite\",\"@id\":\"https:\\\/\\\/cebus-celle.de\\\/#website\",\"url\":\"https:\\\/\\\/cebus-celle.de\\\/\",\"name\":\"Cebus Celle\",\"description\":\"\",\"publisher\":{\"@id\":\"https:\\\/\\\/cebus-celle.de\\\/#organization\"},\"potentialAction\":[{\"@type\":\"SearchAction\",\"target\":{\"@type\":\"EntryPoint\",\"urlTemplate\":\"https:\\\/\\\/cebus-celle.de\\\/?s={search_term_string}\"},\"query-input\":{\"@type\":\"PropertyValueSpecification\",\"valueRequired\":true,\"valueName\":\"search_term_string\"}}],\"inLanguage\":\"pl-PL\"},{\"@type\":\"Organization\",\"@id\":\"https:\\\/\\\/cebus-celle.de\\\/#organization\",\"name\":\"Cebus Celle\",\"url\":\"https:\\\/\\\/cebus-celle.de\\\/\",\"logo\":{\"@type\":\"ImageObject\",\"inLanguage\":\"pl-PL\",\"@id\":\"https:\\\/\\\/cebus-celle.de\\\/#\\\/schema\\\/logo\\\/image\\\/\",\"url\":\"https:\\\/\\\/cebus-celle.de\\\/wp-content\\\/uploads\\\/logo-kvg.png\",\"contentUrl\":\"https:\\\/\\\/cebus-celle.de\\\/wp-content\\\/uploads\\\/logo-kvg.png\",\"width\":171,\"height\":68,\"caption\":\"Cebus Celle\"},\"image\":{\"@id\":\"https:\\\/\\\/cebus-celle.de\\\/#\\\/schema\\\/logo\\\/image\\\/\"}}]}<\/script>\n<!-- \/ Yoast SEO plugin. -->","yoast_head_json":{"title":"DANKE - Cebus Celle","robots":{"index":"index","follow":"follow","max-snippet":"max-snippet:-1","max-image-preview":"max-image-preview:large","max-video-preview":"max-video-preview:-1"},"canonical":"https:\/\/cebus-celle.de\/pl\/danke\/","og_locale":"pl_PL","og_type":"article","og_title":"DANKE - Cebus Celle","og_description":"DANKE DANKE \u2013 f\u00fcr gestern, heute, morgen Liebe Fahrg\u00e4ste, Weihnachten r\u00fcckt immer n\u00e4her und wieder geht ein Jahr zu Ende. Das m\u00f6chten wir auch in diesem Jahr zum Anlass nehmen, um DANKE zu sagen. Wir danken euch\u00a0 von Herzen! Ihr seid der Grund, warum wir jeden Tag unser Bestes geben. Eure Treue und euer Vertrauen machen uns zu dem, was wir heute sind und daf\u00fcr sind wir unglaublich dankbar. Gestern habt Ihr uns motiviert immer besser zu werden, Heute schenkt Ihr uns euer Vertrauen, Morgen freuen wir uns darauf, euch weiterhin als unsere Fahrg\u00e4ste begr\u00fc\u00dfen zu d\u00fcrfen. Eure Zufriedenheit ist unser gr\u00f6\u00dftes Ziel und wir setzen alles daran, euch auch in Zukunft mit unseren Leistungen zur Seite zu stehen. Wir w\u00fcnschen euch frohe Weihnachten, genie\u00dft die Festtage im Kreise eurer Lieben und kommt gut ins neue Jahr. DANKE, euer CeBus-Team","og_url":"https:\/\/cebus-celle.de\/pl\/danke\/","og_site_name":"Cebus Celle","article_modified_time":"2024-12-02T09:09:28+00:00","twitter_card":"summary_large_image","twitter_misc":{"Szacowany czas czytania":"1 minuta"},"schema":{"@context":"https:\/\/schema.org","@graph":[{"@type":"WebPage","@id":"https:\/\/cebus-celle.de\/danke\/","url":"https:\/\/cebus-celle.de\/danke\/","name":"DANKE - Cebus Celle","isPartOf":{"@id":"https:\/\/cebus-celle.de\/#website"},"datePublished":"2024-10-17T09:08:19+00:00","dateModified":"2024-12-02T09:09:28+00:00","breadcrumb":{"@id":"https:\/\/cebus-celle.de\/danke\/#breadcrumb"},"inLanguage":"pl-PL","potentialAction":[{"@type":"ReadAction","target":["https:\/\/cebus-celle.de\/danke\/"]}]},{"@type":"BreadcrumbList","@id":"https:\/\/cebus-celle.de\/danke\/#breadcrumb","itemListElement":[{"@type":"ListItem","position":1,"name":"Startseite","item":"https:\/\/cebus-celle.de\/"},{"@type":"ListItem","position":2,"name":"DANKE"}]},{"@type":"WebSite","@id":"https:\/\/cebus-celle.de\/#website","url":"https:\/\/cebus-celle.de\/","name":"Cebus Celle","description":"","publisher":{"@id":"https:\/\/cebus-celle.de\/#organization"},"potentialAction":[{"@type":"SearchAction","target":{"@type":"EntryPoint","urlTemplate":"https:\/\/cebus-celle.de\/?s={search_term_string}"},"query-input":{"@type":"PropertyValueSpecification","valueRequired":true,"valueName":"search_term_string"}}],"inLanguage":"pl-PL"},{"@type":"Organization","@id":"https:\/\/cebus-celle.de\/#organization","name":"Cebus Celle","url":"https:\/\/cebus-celle.de\/","logo":{"@type":"ImageObject","inLanguage":"pl-PL","@id":"https:\/\/cebus-celle.de\/#\/schema\/logo\/image\/","url":"https:\/\/cebus-celle.de\/wp-content\/uploads\/logo-kvg.png","contentUrl":"https:\/\/cebus-celle.de\/wp-content\/uploads\/logo-kvg.png","width":171,"height":68,"caption":"Cebus Celle"},"image":{"@id":"https:\/\/cebus-celle.de\/#\/schema\/logo\/image\/"}}]}},"_links":{"self":[{"href":"https:\/\/cebus-celle.de\/pl\/wp-json\/wp\/v2\/pages\/3121","targetHints":{"allow":["GET"]}}],"collection":[{"href":"https:\/\/cebus-celle.de\/pl\/wp-json\/wp\/v2\/pages"}],"about":[{"href":"https:\/\/cebus-celle.de\/pl\/wp-json\/wp\/v2\/types\/page"}],"author":[{"embeddable":true,"href":"https:\/\/cebus-celle.de\/pl\/wp-json\/wp\/v2\/users\/4"}],"replies":[{"embeddable":true,"href":"https:\/\/cebus-celle.de\/pl\/wp-json\/wp\/v2\/comments?post=3121"}],"version-history":[{"count":19,"href":"https:\/\/cebus-celle.de\/pl\/wp-json\/wp\/v2\/pages\/3121\/revisions"}],"predecessor-version":[{"id":3803,"href":"https:\/\/cebus-celle.de\/pl\/wp-json\/wp\/v2\/pages\/3121\/revisions\/3803"}],"wp:attachment":[{"href":"https:\/\/cebus-celle.de\/pl\/wp-json\/wp\/v2\/media?parent=3121"}],"curies":[{"name":"wp","href":"https:\/\/api.w.org\/{rel}","templated":true}]}}