{"id":331,"date":"2023-07-03T13:31:20","date_gmt":"2023-07-03T11:31:20","guid":{"rendered":"https:\/\/cebus-celle.de\/?page_id=331"},"modified":"2025-09-24T16:37:04","modified_gmt":"2025-09-24T14:37:04","slug":"%d0%b8%d0%bd%d1%84%d0%be%d1%80%d0%bc%d0%b0%d1%86%d0%b8%d1%8f-%d0%be-%d1%80%d0%b0%d1%81%d0%bf%d0%b8%d1%81%d0%b0%d0%bd%d0%b8%d0%b8-2","status":"publish","type":"page","link":"https:\/\/cebus-celle.de\/ru\/fahrplaene\/fahrplanauskunft\/","title":{"rendered":"\u0418\u043d\u0444\u043e\u0440\u043c\u0430\u0446\u0438\u044f \u043e \u0440\u0430\u0441\u043f\u0438\u0441\u0430\u043d\u0438\u0438"},"content":{"rendered":"<div data-elementor-type=\"wp-page\" data-elementor-id=\"331\" class=\"elementor elementor-331\" data-elementor-post-type=\"page\">\n\t\t\t\t\t\t<section class=\"elementor-section elementor-top-section elementor-element elementor-element-cb02048 margin-left-0 elementor-section-boxed elementor-section-height-default elementor-section-height-default wpr-particle-no wpr-jarallax-no wpr-parallax-no wpr-sticky-section-no wpr-equal-height-no\" data-id=\"cb02048\" data-element_type=\"section\" data-e-type=\"section\">\n\t\t\t\t\t\t<div class=\"elementor-container elementor-column-gap-default\">\n\t\t\t\t\t<div class=\"elementor-column elementor-col-100 elementor-top-column elementor-element elementor-element-4f2a6ff\" data-id=\"4f2a6ff\" data-element_type=\"column\" data-e-type=\"column\">\n\t\t\t<div class=\"elementor-widget-wrap elementor-element-populated\">\n\t\t\t\t\t\t<div class=\"elementor-element elementor-element-f3efeca elementor-widget elementor-widget-heading\" data-id=\"f3efeca\" data-element_type=\"widget\" data-e-type=\"widget\" data-widget_type=\"heading.default\">\n\t\t\t\t<div class=\"elementor-widget-container\">\n\t\t\t\t\t<h2 class=\"elementor-heading-title elementor-size-default\">\u0418\u041d\u0424\u041e\u0420\u041c\u0410\u0426\u0418\u042f \u041e \u0420\u0410\u0421\u041f\u0418\u0421\u0410\u041d\u0418\u0418<\/h2>\t\t\t\t<\/div>\n\t\t\t\t<\/div>\n\t\t\t\t<div class=\"elementor-element elementor-element-505495c elementor-widget elementor-widget-text-editor\" data-id=\"505495c\" data-element_type=\"widget\" data-e-type=\"widget\" data-widget_type=\"text-editor.default\">\n\t\t\t\t<div class=\"elementor-widget-container\">\n\t\t\t\t\t\t\t\t\t<p><strong>\u0425\u043e\u0440\u043e\u0448\u043e \u0438\u043d\u0444\u043e\u0440\u043c\u0438\u0440\u043e\u0432\u0430\u043d:<\/strong> \u041f\u043e\u043b\u0443\u0447\u0430\u0439\u0442\u0435 \u0438\u043d\u0444\u043e\u0440\u043c\u0430\u0446\u0438\u044e \u0432 \u0443\u0434\u043e\u0431\u043d\u043e\u043c \u0434\u043b\u044f \u0432\u0430\u0441 \u0432\u0438\u0434\u0435<\/p>\t\t\t\t\t\t\t\t<\/div>\n\t\t\t\t<\/div>\n\t\t\t\t\t<\/div>\n\t\t<\/div>\n\t\t\t\t\t<\/div>\n\t\t<\/section>\n\t\t\t\t<section class=\"elementor-section elementor-top-section elementor-element elementor-element-b8150d0 elementor-section-boxed elementor-section-height-default elementor-section-height-default wpr-particle-no wpr-jarallax-no wpr-parallax-no wpr-sticky-section-no wpr-equal-height-no\" data-id=\"b8150d0\" data-element_type=\"section\" data-e-type=\"section\">\n\t\t\t\t\t\t<div class=\"elementor-container elementor-column-gap-default\">\n\t\t\t\t\t<div class=\"elementor-column elementor-col-100 elementor-top-column elementor-element elementor-element-edd228c\" data-id=\"edd228c\" data-element_type=\"column\" data-e-type=\"column\">\n\t\t\t<div class=\"elementor-widget-wrap elementor-element-populated\">\n\t\t\t\t\t\t<div class=\"elementor-element elementor-element-adca035 elementor-widget elementor-widget-spacer\" data-id=\"adca035\" data-element_type=\"widget\" data-e-type=\"widget\" data-widget_type=\"spacer.default\">\n\t\t\t\t<div class=\"elementor-widget-container\">\n\t\t\t\t\t\t\t<div class=\"elementor-spacer\">\n\t\t\t<div class=\"elementor-spacer-inner\"><\/div>\n\t\t<\/div>\n\t\t\t\t\t\t<\/div>\n\t\t\t\t<\/div>\n\t\t\t\t\t<\/div>\n\t\t<\/div>\n\t\t\t\t\t<\/div>\n\t\t<\/section>\n\t\t\t\t<section class=\"elementor-section elementor-top-section elementor-element elementor-element-550bda9 elementor-section-boxed elementor-section-height-default elementor-section-height-default wpr-particle-no wpr-jarallax-no wpr-parallax-no wpr-sticky-section-no wpr-equal-height-no\" data-id=\"550bda9\" data-element_type=\"section\" data-e-type=\"section\">\n\t\t\t\t\t\t<div class=\"elementor-container elementor-column-gap-default\">\n\t\t\t\t\t<div class=\"elementor-column elementor-col-100 elementor-top-column elementor-element elementor-element-b932972\" data-id=\"b932972\" data-element_type=\"column\" data-e-type=\"column\">\n\t\t\t<div class=\"elementor-widget-wrap elementor-element-populated\">\n\t\t\t\t\t\t<div class=\"elementor-element elementor-element-748dbd7 elementor-view-framed elementor-shape-circle elementor-position-block-start elementor-mobile-position-block-start elementor-widget elementor-widget-icon-box\" data-id=\"748dbd7\" data-element_type=\"widget\" data-e-type=\"widget\" data-widget_type=\"icon-box.default\">\n\t\t\t\t<div class=\"elementor-widget-container\">\n\t\t\t\t\t\t\t<div class=\"elementor-icon-box-wrapper\">\n\n\t\t\t\t\t\t<div class=\"elementor-icon-box-icon\">\n\t\t\t\t<a href=\"https:\/\/www.vnn.de\/fahrplaner?language=de_DE&#038;P=TP&#038;start=yes&#038;widget=1.0.0&#038;\" target=\"_blank\" class=\"elementor-icon\" tabindex=\"-1\" aria-label=\"\u0418\u043d\u0444\u043e\u0440\u043c\u0430\u0446\u0438\u044f \u043e \u0440\u0430\u0441\u043f\u0438\u0441\u0430\u043d\u0438\u0438 \u0432 \u0440\u0435\u0436\u0438\u043c\u0435 \u043e\u043d\u043b\u0430\u0439\u043d\">\n\t\t\t\t<i aria-hidden=\"true\" class=\"far fa-globe\"><\/i>\t\t\t\t<\/a>\n\t\t\t<\/div>\n\t\t\t\n\t\t\t\t\t\t<div class=\"elementor-icon-box-content\">\n\n\t\t\t\t\t\t\t\t\t<h3 class=\"elementor-icon-box-title\">\n\t\t\t\t\t\t<a href=\"https:\/\/www.vnn.de\/fahrplaner?language=de_DE&#038;P=TP&#038;start=yes&#038;widget=1.0.0&#038;\" target=\"_blank\" >\n\t\t\t\t\t\t\t\u0418\u043d\u0444\u043e\u0440\u043c\u0430\u0446\u0438\u044f \u043e \u0440\u0430\u0441\u043f\u0438\u0441\u0430\u043d\u0438\u0438 \u0432 \u0440\u0435\u0436\u0438\u043c\u0435 \u043e\u043d\u043b\u0430\u0439\u043d\t\t\t\t\t\t<\/a>\n\t\t\t\t\t<\/h3>\n\t\t\t\t\n\t\t\t\t\t\t\t\t\t<p class=\"elementor-icon-box-description\">\n\t\t\t\t\t\t\u041d\u0430\u0439\u0434\u0438\u0442\u0435 \u043a\u0440\u0430\u0442\u0447\u0430\u0439\u0448\u0438\u0439 \u043f\u0443\u0442\u044c \u043a \u043c\u0435\u0441\u0442\u0443 \u043d\u0430\u0437\u043d\u0430\u0447\u0435\u043d\u0438\u044f \u0441 \u043f\u043e\u043c\u043e\u0449\u044c\u044e \u044d\u043b\u0435\u043a\u0442\u0440\u043e\u043d\u043d\u043e\u0433\u043e \u043f\u043b\u0430\u043d\u0438\u0440\u043e\u0432\u0449\u0438\u043a\u0430 \u043f\u043e\u0435\u0437\u0434\u043e\u043a.\t\t\t\t\t<\/p>\n\t\t\t\t\n\t\t\t<\/div>\n\t\t\t\n\t\t<\/div>\n\t\t\t\t\t\t<\/div>\n\t\t\t\t<\/div>\n\t\t\t\t<div class=\"elementor-element elementor-element-865cf5f elementor-view-framed elementor-shape-circle elementor-position-block-start elementor-mobile-position-block-start elementor-widget elementor-widget-icon-box\" data-id=\"865cf5f\" data-element_type=\"widget\" data-e-type=\"widget\" data-widget_type=\"icon-box.default\">\n\t\t\t\t<div class=\"elementor-widget-container\">\n\t\t\t\t\t\t\t<div class=\"elementor-icon-box-wrapper\">\n\n\t\t\t\t\t\t<div class=\"elementor-icon-box-icon\">\n\t\t\t\t<a href=\"tel:051412788864\" target=\"_blank\" class=\"elementor-icon\" tabindex=\"-1\" aria-label=\"\u041f\u043e \u0442\u0435\u043b\u0435\u0444\u043e\u043d\u0443\">\n\t\t\t\t<i aria-hidden=\"true\" class=\"fas fa-phone-alt\"><\/i>\t\t\t\t<\/a>\n\t\t\t<\/div>\n\t\t\t\n\t\t\t\t\t\t<div class=\"elementor-icon-box-content\">\n\n\t\t\t\t\t\t\t\t\t<h3 class=\"elementor-icon-box-title\">\n\t\t\t\t\t\t<a href=\"tel:051412788864\" target=\"_blank\" >\n\t\t\t\t\t\t\t\u041f\u043e \u0442\u0435\u043b\u0435\u0444\u043e\u043d\u0443\t\t\t\t\t\t<\/a>\n\t\t\t\t\t<\/h3>\n\t\t\t\t\n\t\t\t\t\t\t\t\t\t<p class=\"elementor-icon-box-description\">\n\t\t\t\t\t\tNat\u00fcrlich kannst du uns auch anrufen. Unsere Fahrplanauskunft ist t\u00e4glich 24 Stunden - also rund um die Uhr -  unter der Nummer 05141 2788864 erreichbar.\t\t\t\t\t<\/p>\n\t\t\t\t\n\t\t\t<\/div>\n\t\t\t\n\t\t<\/div>\n\t\t\t\t\t\t<\/div>\n\t\t\t\t<\/div>\n\t\t\t\t<div class=\"elementor-element elementor-element-cbdbda0 elementor-view-framed elementor-position-inline-start elementor-shape-circle elementor-mobile-position-block-start elementor-widget elementor-widget-icon-box\" data-id=\"cbdbda0\" data-element_type=\"widget\" data-e-type=\"widget\" data-widget_type=\"icon-box.default\">\n\t\t\t\t<div class=\"elementor-widget-container\">\n\t\t\t\t\t\t\t<div class=\"elementor-icon-box-wrapper\">\n\n\t\t\t\t\t\t<div class=\"elementor-icon-box-icon\">\n\t\t\t\t<a href=\"https:\/\/cebus-celle.de\/ru\/%d1%82%d0%b0%d1%80%d0%b8%d1%84%d1%8b-%d0%bd%d0%b0-%d0%b1%d0%b8%d0%bb%d0%b5%d1%82%d1%8b-2\/%d0%be%d1%84%d0%b8%d1%81%d1%8b-%d0%bf%d1%80%d0%b5%d0%b4%d0%b2%d0%b0%d1%80%d0%b8%d1%82%d0%b5%d0%bb%d1%8c%d0%bd%d0%be%d0%b3%d0%be-%d0%b1%d1%80%d0%be%d0%bd%d0%b8%d1%80%d0%be%d0%b2%d0%b0%d0%bd%d0%b8%d1%8f-2\/\" target=\"_blank\" class=\"elementor-icon\" tabindex=\"-1\" aria-label=\"\u0412 \u0432\u0430\u0448\u0435\u043c \u0440\u0430\u0439\u043e\u043d\u0435\">\n\t\t\t\t<i aria-hidden=\"true\" class=\"far fa-map-marker-alt\"><\/i>\t\t\t\t<\/a>\n\t\t\t<\/div>\n\t\t\t\n\t\t\t\t\t\t<div class=\"elementor-icon-box-content\">\n\n\t\t\t\t\t\t\t\t\t<h3 class=\"elementor-icon-box-title\">\n\t\t\t\t\t\t<a href=\"https:\/\/cebus-celle.de\/ru\/%d1%82%d0%b0%d1%80%d0%b8%d1%84%d1%8b-%d0%bd%d0%b0-%d0%b1%d0%b8%d0%bb%d0%b5%d1%82%d1%8b-2\/%d0%be%d1%84%d0%b8%d1%81%d1%8b-%d0%bf%d1%80%d0%b5%d0%b4%d0%b2%d0%b0%d1%80%d0%b8%d1%82%d0%b5%d0%bb%d1%8c%d0%bd%d0%be%d0%b3%d0%be-%d0%b1%d1%80%d0%be%d0%bd%d0%b8%d1%80%d0%be%d0%b2%d0%b0%d0%bd%d0%b8%d1%8f-2\/\" target=\"_blank\" >\n\t\t\t\t\t\t\t\u0412 \u0432\u0430\u0448\u0435\u043c \u0440\u0430\u0439\u043e\u043d\u0435\t\t\t\t\t\t<\/a>\n\t\t\t\t\t<\/h3>\n\t\t\t\t\n\t\t\t\t\t\t\t\t\t<p class=\"elementor-icon-box-description\">\n\t\t\t\t\t\t\u041f\u043e\u043c\u0438\u043c\u043e \u043d\u0430\u0448\u0438\u0445 \u0431\u0438\u043b\u0435\u0442\u043e\u0432, \u0432\u044b \u043c\u043e\u0436\u0435\u0442\u0435 \u043f\u043e\u043b\u0443\u0447\u0438\u0442\u044c \u0438\u043d\u0444\u043e\u0440\u043c\u0430\u0446\u0438\u044e \u043e\u0431 \u0430\u0432\u0442\u043e\u0431\u0443\u0441\u043d\u044b\u0445 \u043f\u0435\u0440\u0435\u0432\u043e\u0437\u043a\u0430\u0445 \u0432 \u043a\u0430\u0441\u0441\u0430\u0445 \u043f\u0440\u0435\u0434\u0432\u0430\u0440\u0438\u0442\u0435\u043b\u044c\u043d\u043e\u0433\u043e \u0431\u0440\u043e\u043d\u0438\u0440\u043e\u0432\u0430\u043d\u0438\u044f\t\t\t\t\t<\/p>\n\t\t\t\t\n\t\t\t<\/div>\n\t\t\t\n\t\t<\/div>\n\t\t\t\t\t\t<\/div>\n\t\t\t\t<\/div>\n\t\t\t\t\t<\/div>\n\t\t<\/div>\n\t\t\t\t\t<\/div>\n\t\t<\/section>\n\t\t\t\t<section class=\"elementor-section elementor-top-section elementor-element elementor-element-21b3405 elementor-section-boxed elementor-section-height-default elementor-section-height-default wpr-particle-no wpr-jarallax-no wpr-parallax-no wpr-sticky-section-no wpr-equal-height-no\" data-id=\"21b3405\" data-element_type=\"section\" data-e-type=\"section\">\n\t\t\t\t\t\t<div class=\"elementor-container elementor-column-gap-default\">\n\t\t\t\t\t<div class=\"elementor-column elementor-col-100 elementor-top-column elementor-element elementor-element-b19b59c\" data-id=\"b19b59c\" data-element_type=\"column\" data-e-type=\"column\">\n\t\t\t<div class=\"elementor-widget-wrap elementor-element-populated\">\n\t\t\t\t\t\t<div class=\"elementor-element elementor-element-b9fd829 elementor-widget elementor-widget-spacer\" data-id=\"b9fd829\" data-element_type=\"widget\" data-e-type=\"widget\" data-widget_type=\"spacer.default\">\n\t\t\t\t<div class=\"elementor-widget-container\">\n\t\t\t\t\t\t\t<div class=\"elementor-spacer\">\n\t\t\t<div class=\"elementor-spacer-inner\"><\/div>\n\t\t<\/div>\n\t\t\t\t\t\t<\/div>\n\t\t\t\t<\/div>\n\t\t\t\t\t<\/div>\n\t\t<\/div>\n\t\t\t\t\t<\/div>\n\t\t<\/section>\n\t\t\t\t<\/div>","protected":false},"excerpt":{"rendered":"<p>FAHRPLANAUSKUNFT Gut informiert: Hol dir deine Ausk\u00fcnfte wie es dir gef\u00e4llt Online-Fahrplanauskunft Finde den schnellsten Weg zu deinem Ziel mit der elektronischen Fahrplanauskunft. \u00dcber&#8217;s Telefon Nat\u00fcrlich kannst du uns auch anrufen. Unsere Fahrplanauskunft ist t\u00e4glich 24 Stunden &#8211; also rund um die Uhr &#8211; unter der Nummer 05141 2788864 erreichbar. In deiner N\u00e4he Neben unseren Tickets kannst du in den Vorverkaufsstellen auch Infos zum Busverkehr erhalten<\/p>","protected":false},"author":4,"featured_media":339,"parent":361,"menu_order":30,"comment_status":"closed","ping_status":"closed","template":"","meta":{"footnotes":""},"class_list":["post-331","page","type-page","status-publish","has-post-thumbnail","hentry"],"yoast_head":"<!-- This site is optimized with the Yoast SEO plugin v27.4 - https:\/\/yoast.com\/product\/yoast-seo-wordpress\/ -->\n<title>Fahrplanauskunft - Cebus Celle<\/title>\n<meta name=\"robots\" content=\"index, follow, max-snippet:-1, max-image-preview:large, max-video-preview:-1\" \/>\n<link rel=\"canonical\" href=\"https:\/\/cebus-celle.de\/ru\/\u043f\u043b\u0430\u043d\u044b-\u0432\u043e\u0436\u0434\u0435\u043d\u0438\u044f-2\/\u0438\u043d\u0444\u043e\u0440\u043c\u0430\u0446\u0438\u044f-\u043e-\u0440\u0430\u0441\u043f\u0438\u0441\u0430\u043d\u0438\u0438-2\/\" \/>\n<meta property=\"og:locale\" content=\"ru_RU\" \/>\n<meta property=\"og:type\" content=\"article\" \/>\n<meta property=\"og:title\" content=\"Fahrplanauskunft - Cebus Celle\" \/>\n<meta property=\"og:description\" content=\"FAHRPLANAUSKUNFT Gut informiert: Hol dir deine Ausk\u00fcnfte wie es dir gef\u00e4llt Online-Fahrplanauskunft Finde den schnellsten Weg zu deinem Ziel mit der elektronischen Fahrplanauskunft. \u00dcber&#8217;s Telefon Nat\u00fcrlich kannst du uns auch anrufen. Unsere Fahrplanauskunft ist t\u00e4glich 24 Stunden &#8211; also rund um die Uhr &#8211; unter der Nummer 05141 2788864 erreichbar. In deiner N\u00e4he Neben unseren Tickets kannst du in den Vorverkaufsstellen auch Infos zum Busverkehr erhalten\" \/>\n<meta property=\"og:url\" content=\"https:\/\/cebus-celle.de\/ru\/\u043f\u043b\u0430\u043d\u044b-\u0432\u043e\u0436\u0434\u0435\u043d\u0438\u044f-2\/\u0438\u043d\u0444\u043e\u0440\u043c\u0430\u0446\u0438\u044f-\u043e-\u0440\u0430\u0441\u043f\u0438\u0441\u0430\u043d\u0438\u0438-2\/\" \/>\n<meta property=\"og:site_name\" content=\"Cebus Celle\" \/>\n<meta property=\"article:modified_time\" content=\"2025-09-24T14:37:04+00:00\" \/>\n<meta property=\"og:image\" content=\"https:\/\/cebus-celle.de\/wp-content\/uploads\/iveco_neufahrzeuge_aufstellung_2023-1.jpg\" \/>\n\t<meta property=\"og:image:width\" content=\"2560\" \/>\n\t<meta property=\"og:image:height\" content=\"1375\" \/>\n\t<meta property=\"og:image:type\" content=\"image\/jpeg\" \/>\n<meta name=\"twitter:card\" content=\"summary_large_image\" \/>\n<meta name=\"twitter:label1\" content=\"\u041f\u0440\u0438\u043c\u0435\u0440\u043d\u043e\u0435 \u0432\u0440\u0435\u043c\u044f \u0434\u043b\u044f \u0447\u0442\u0435\u043d\u0438\u044f\" \/>\n\t<meta name=\"twitter:data1\" content=\"1 \u043c\u0438\u043d\u0443\u0442\u0430\" \/>\n<script type=\"application\/ld+json\" class=\"yoast-schema-graph\">{\"@context\":\"https:\\\/\\\/schema.org\",\"@graph\":[{\"@type\":\"WebPage\",\"@id\":\"https:\\\/\\\/cebus-celle.de\\\/fahrplaene\\\/fahrplanauskunft\\\/\",\"url\":\"https:\\\/\\\/cebus-celle.de\\\/fahrplaene\\\/fahrplanauskunft\\\/\",\"name\":\"Fahrplanauskunft - Cebus Celle\",\"isPartOf\":{\"@id\":\"https:\\\/\\\/cebus-celle.de\\\/#website\"},\"primaryImageOfPage\":{\"@id\":\"https:\\\/\\\/cebus-celle.de\\\/fahrplaene\\\/fahrplanauskunft\\\/#primaryimage\"},\"image\":{\"@id\":\"https:\\\/\\\/cebus-celle.de\\\/fahrplaene\\\/fahrplanauskunft\\\/#primaryimage\"},\"thumbnailUrl\":\"https:\\\/\\\/cebus-celle.de\\\/wp-content\\\/uploads\\\/iveco_neufahrzeuge_aufstellung_2023-1.jpg\",\"datePublished\":\"2023-07-03T11:31:20+00:00\",\"dateModified\":\"2025-09-24T14:37:04+00:00\",\"breadcrumb\":{\"@id\":\"https:\\\/\\\/cebus-celle.de\\\/fahrplaene\\\/fahrplanauskunft\\\/#breadcrumb\"},\"inLanguage\":\"ru-RU\",\"potentialAction\":[{\"@type\":\"ReadAction\",\"target\":[\"https:\\\/\\\/cebus-celle.de\\\/fahrplaene\\\/fahrplanauskunft\\\/\"]}]},{\"@type\":\"ImageObject\",\"inLanguage\":\"ru-RU\",\"@id\":\"https:\\\/\\\/cebus-celle.de\\\/fahrplaene\\\/fahrplanauskunft\\\/#primaryimage\",\"url\":\"https:\\\/\\\/cebus-celle.de\\\/wp-content\\\/uploads\\\/iveco_neufahrzeuge_aufstellung_2023-1.jpg\",\"contentUrl\":\"https:\\\/\\\/cebus-celle.de\\\/wp-content\\\/uploads\\\/iveco_neufahrzeuge_aufstellung_2023-1.jpg\",\"width\":2560,\"height\":1375,\"caption\":\"Drei Busse von CeBus stehen seitlich auf einer Wiese.\"},{\"@type\":\"BreadcrumbList\",\"@id\":\"https:\\\/\\\/cebus-celle.de\\\/fahrplaene\\\/fahrplanauskunft\\\/#breadcrumb\",\"itemListElement\":[{\"@type\":\"ListItem\",\"position\":1,\"name\":\"Startseite\",\"item\":\"https:\\\/\\\/cebus-celle.de\\\/\"},{\"@type\":\"ListItem\",\"position\":2,\"name\":\"Fahrpl\u00e4ne\",\"item\":\"https:\\\/\\\/cebus-celle.de\\\/fahrplaene\\\/\"},{\"@type\":\"ListItem\",\"position\":3,\"name\":\"Fahrplanauskunft\"}]},{\"@type\":\"WebSite\",\"@id\":\"https:\\\/\\\/cebus-celle.de\\\/#website\",\"url\":\"https:\\\/\\\/cebus-celle.de\\\/\",\"name\":\"Cebus Celle\",\"description\":\"\",\"publisher\":{\"@id\":\"https:\\\/\\\/cebus-celle.de\\\/#organization\"},\"potentialAction\":[{\"@type\":\"SearchAction\",\"target\":{\"@type\":\"EntryPoint\",\"urlTemplate\":\"https:\\\/\\\/cebus-celle.de\\\/?s={search_term_string}\"},\"query-input\":{\"@type\":\"PropertyValueSpecification\",\"valueRequired\":true,\"valueName\":\"search_term_string\"}}],\"inLanguage\":\"ru-RU\"},{\"@type\":\"Organization\",\"@id\":\"https:\\\/\\\/cebus-celle.de\\\/#organization\",\"name\":\"Cebus Celle\",\"url\":\"https:\\\/\\\/cebus-celle.de\\\/\",\"logo\":{\"@type\":\"ImageObject\",\"inLanguage\":\"ru-RU\",\"@id\":\"https:\\\/\\\/cebus-celle.de\\\/#\\\/schema\\\/logo\\\/image\\\/\",\"url\":\"https:\\\/\\\/cebus-celle.de\\\/wp-content\\\/uploads\\\/logo-kvg.png\",\"contentUrl\":\"https:\\\/\\\/cebus-celle.de\\\/wp-content\\\/uploads\\\/logo-kvg.png\",\"width\":171,\"height\":68,\"caption\":\"Cebus Celle\"},\"image\":{\"@id\":\"https:\\\/\\\/cebus-celle.de\\\/#\\\/schema\\\/logo\\\/image\\\/\"}}]}<\/script>\n<!-- \/ Yoast SEO plugin. -->","yoast_head_json":{"title":"\u0418\u043d\u0444\u043e\u0440\u043c\u0430\u0446\u0438\u044f \u043e \u0440\u0430\u0441\u043f\u0438\u0441\u0430\u043d\u0438\u0438 - Cebus Celle","robots":{"index":"index","follow":"follow","max-snippet":"max-snippet:-1","max-image-preview":"max-image-preview:large","max-video-preview":"max-video-preview:-1"},"canonical":"https:\/\/cebus-celle.de\/ru\/\u043f\u043b\u0430\u043d\u044b-\u0432\u043e\u0436\u0434\u0435\u043d\u0438\u044f-2\/\u0438\u043d\u0444\u043e\u0440\u043c\u0430\u0446\u0438\u044f-\u043e-\u0440\u0430\u0441\u043f\u0438\u0441\u0430\u043d\u0438\u0438-2\/","og_locale":"ru_RU","og_type":"article","og_title":"Fahrplanauskunft - Cebus Celle","og_description":"FAHRPLANAUSKUNFT Gut informiert: Hol dir deine Ausk\u00fcnfte wie es dir gef\u00e4llt Online-Fahrplanauskunft Finde den schnellsten Weg zu deinem Ziel mit der elektronischen Fahrplanauskunft. \u00dcber&#8217;s Telefon Nat\u00fcrlich kannst du uns auch anrufen. Unsere Fahrplanauskunft ist t\u00e4glich 24 Stunden &#8211; also rund um die Uhr &#8211; unter der Nummer 05141 2788864 erreichbar. In deiner N\u00e4he Neben unseren Tickets kannst du in den Vorverkaufsstellen auch Infos zum Busverkehr erhalten","og_url":"https:\/\/cebus-celle.de\/ru\/\u043f\u043b\u0430\u043d\u044b-\u0432\u043e\u0436\u0434\u0435\u043d\u0438\u044f-2\/\u0438\u043d\u0444\u043e\u0440\u043c\u0430\u0446\u0438\u044f-\u043e-\u0440\u0430\u0441\u043f\u0438\u0441\u0430\u043d\u0438\u0438-2\/","og_site_name":"Cebus Celle","article_modified_time":"2025-09-24T14:37:04+00:00","og_image":[{"width":2560,"height":1375,"url":"https:\/\/cebus-celle.de\/wp-content\/uploads\/iveco_neufahrzeuge_aufstellung_2023-1.jpg","type":"image\/jpeg"}],"twitter_card":"summary_large_image","twitter_misc":{"\u041f\u0440\u0438\u043c\u0435\u0440\u043d\u043e\u0435 \u0432\u0440\u0435\u043c\u044f \u0434\u043b\u044f \u0447\u0442\u0435\u043d\u0438\u044f":"1 \u043c\u0438\u043d\u0443\u0442\u0430"},"schema":{"@context":"https:\/\/schema.org","@graph":[{"@type":"WebPage","@id":"https:\/\/cebus-celle.de\/fahrplaene\/fahrplanauskunft\/","url":"https:\/\/cebus-celle.de\/fahrplaene\/fahrplanauskunft\/","name":"\u0418\u043d\u0444\u043e\u0440\u043c\u0430\u0446\u0438\u044f \u043e \u0440\u0430\u0441\u043f\u0438\u0441\u0430\u043d\u0438\u0438 - Cebus Celle","isPartOf":{"@id":"https:\/\/cebus-celle.de\/#website"},"primaryImageOfPage":{"@id":"https:\/\/cebus-celle.de\/fahrplaene\/fahrplanauskunft\/#primaryimage"},"image":{"@id":"https:\/\/cebus-celle.de\/fahrplaene\/fahrplanauskunft\/#primaryimage"},"thumbnailUrl":"https:\/\/cebus-celle.de\/wp-content\/uploads\/iveco_neufahrzeuge_aufstellung_2023-1.jpg","datePublished":"2023-07-03T11:31:20+00:00","dateModified":"2025-09-24T14:37:04+00:00","breadcrumb":{"@id":"https:\/\/cebus-celle.de\/fahrplaene\/fahrplanauskunft\/#breadcrumb"},"inLanguage":"ru-RU","potentialAction":[{"@type":"ReadAction","target":["https:\/\/cebus-celle.de\/fahrplaene\/fahrplanauskunft\/"]}]},{"@type":"ImageObject","inLanguage":"ru-RU","@id":"https:\/\/cebus-celle.de\/fahrplaene\/fahrplanauskunft\/#primaryimage","url":"https:\/\/cebus-celle.de\/wp-content\/uploads\/iveco_neufahrzeuge_aufstellung_2023-1.jpg","contentUrl":"https:\/\/cebus-celle.de\/wp-content\/uploads\/iveco_neufahrzeuge_aufstellung_2023-1.jpg","width":2560,"height":1375,"caption":"Drei Busse von CeBus stehen seitlich auf einer Wiese."},{"@type":"BreadcrumbList","@id":"https:\/\/cebus-celle.de\/fahrplaene\/fahrplanauskunft\/#breadcrumb","itemListElement":[{"@type":"ListItem","position":1,"name":"Startseite","item":"https:\/\/cebus-celle.de\/"},{"@type":"ListItem","position":2,"name":"Fahrpl\u00e4ne","item":"https:\/\/cebus-celle.de\/fahrplaene\/"},{"@type":"ListItem","position":3,"name":"Fahrplanauskunft"}]},{"@type":"WebSite","@id":"https:\/\/cebus-celle.de\/#website","url":"https:\/\/cebus-celle.de\/","name":"\u0426\u0435\u0431\u0443\u0441 \u0426\u0435\u043b\u043b\u0435","description":"","publisher":{"@id":"https:\/\/cebus-celle.de\/#organization"},"potentialAction":[{"@type":"SearchAction","target":{"@type":"EntryPoint","urlTemplate":"https:\/\/cebus-celle.de\/?s={search_term_string}"},"query-input":{"@type":"PropertyValueSpecification","valueRequired":true,"valueName":"search_term_string"}}],"inLanguage":"ru-RU"},{"@type":"Organization","@id":"https:\/\/cebus-celle.de\/#organization","name":"\u0426\u0435\u0431\u0443\u0441 \u0426\u0435\u043b\u043b\u0435","url":"https:\/\/cebus-celle.de\/","logo":{"@type":"ImageObject","inLanguage":"ru-RU","@id":"https:\/\/cebus-celle.de\/#\/schema\/logo\/image\/","url":"https:\/\/cebus-celle.de\/wp-content\/uploads\/logo-kvg.png","contentUrl":"https:\/\/cebus-celle.de\/wp-content\/uploads\/logo-kvg.png","width":171,"height":68,"caption":"Cebus Celle"},"image":{"@id":"https:\/\/cebus-celle.de\/#\/schema\/logo\/image\/"}}]}},"_links":{"self":[{"href":"https:\/\/cebus-celle.de\/ru\/wp-json\/wp\/v2\/pages\/331","targetHints":{"allow":["GET"]}}],"collection":[{"href":"https:\/\/cebus-celle.de\/ru\/wp-json\/wp\/v2\/pages"}],"about":[{"href":"https:\/\/cebus-celle.de\/ru\/wp-json\/wp\/v2\/types\/page"}],"author":[{"embeddable":true,"href":"https:\/\/cebus-celle.de\/ru\/wp-json\/wp\/v2\/users\/4"}],"replies":[{"embeddable":true,"href":"https:\/\/cebus-celle.de\/ru\/wp-json\/wp\/v2\/comments?post=331"}],"version-history":[{"count":3,"href":"https:\/\/cebus-celle.de\/ru\/wp-json\/wp\/v2\/pages\/331\/revisions"}],"predecessor-version":[{"id":4779,"href":"https:\/\/cebus-celle.de\/ru\/wp-json\/wp\/v2\/pages\/331\/revisions\/4779"}],"up":[{"embeddable":true,"href":"https:\/\/cebus-celle.de\/ru\/wp-json\/wp\/v2\/pages\/361"}],"wp:featuredmedia":[{"embeddable":true,"href":"https:\/\/cebus-celle.de\/ru\/wp-json\/wp\/v2\/media\/339"}],"wp:attachment":[{"href":"https:\/\/cebus-celle.de\/ru\/wp-json\/wp\/v2\/media?parent=331"}],"curies":[{"name":"wp","href":"https:\/\/api.w.org\/{rel}","templated":true}]}}